{"id":1361,"date":"2022-12-22T21:17:22","date_gmt":"2022-12-22T21:17:22","guid":{"rendered":"https:\/\/demo.begasolar.com\/?page_id=1361"},"modified":"2023-04-04T13:13:48","modified_gmt":"2023-04-04T11:13:48","slug":"servicios-que-hacemos","status":"publish","type":"page","link":"https:\/\/www.electronicabega.com\/energia-solar\/servicios-que-hacemos\/","title":{"rendered":"Que hacemos"},"content":{"rendered":"<section class=\"wpb-content-wrapper\"><p>[vc_row][vc_column][vc_single_image image=\u00bb1293&#8243; img_size=\u00bbfull\u00bb alignment=\u00bbcenter\u00bb css=\u00bb.vc_custom_1674724587625{margin-top: 20px !important;margin-bottom: 40px !important;}\u00bb][\/vc_column][\/vc_row][vc_row el_class=\u00bbservicios\u00bb][vc_column][nur_section_heading el_class=\u00bbserviciostitulo\u00bb]<\/p>\n<h1 class=\"h2-square h2-large\">Que hacemos en Bega Solar<\/h1>\n<p>[\/nur_section_heading][nur_section_heading decoration=\u00bbline\u00bb el_class=\u00bbserviciostitulo nivel1&#8243;]<\/p>\n<h2 id=\"conectado\">1. Instalaciones de autoconsumo conectadas a la red el\u00e9ctrica<\/h2>\n<p>[\/nur_section_heading][vc_column_text]Si se va a verter a la red, tienen menos de 15 kw y se realizan en suelo urbano, NO requieren permiso de acceso a la compa\u00f1\u00eda el\u00e9ctrica distribuidora. Pueden realizarse en tejados, marquesinas y suelo.[\/vc_column_text][nur_section_heading decoration=\u00bbline\u00bb el_class=\u00bbserviciostitulo nivel2&#8243; css=\u00bb.vc_custom_1674729508917{margin-top: 30px !important;}\u00bb]<\/p>\n<h3 id=\"con-sin-acu\">1.1. Autoconsumo conectado a red sin sistema de acumulaci\u00f3n<\/h3>\n<p>[\/nur_section_heading][vc_column_text el_class=\u00bbnivel2&#8243;]Primero se consume la producci\u00f3n fotovoltaica y si es necesario, se complementa con la electricidad de la red.\u00a0 Si hay excedentes, estos se vierten a la red.<\/p>\n<p>&nbsp;[\/vc_column_text][vc_column_text el_class=\u00bbserviciostitulo nivel3&#8243;]<\/p>\n<h4 id=\"auto-ind-int\">1.1.1. Autoconsumo individual con conexi\u00f3n en red interior<\/h4>\n<p>La instalaci\u00f3n fotovoltaica genera electricidad donde se consume y se beneficia un \u00fanico consumidor.\u00a0 Si hay excedentes, te puedes acoger al <strong>mecanismo de compensaci\u00f3n de excedentes<\/strong>. Adem\u00e1s te ofrecemos la <strong>bater\u00eda virtual<\/strong>.<\/p>\n<p><a href=\"https:\/\/www.electronicabega.com\/energia-solar\/wp-content\/uploads\/2019\/10\/dibujo-prueba.jpg\"><img loading=\"lazy\" decoding=\"async\" class=\"aligncenter wp-image-808 size-full\" src=\"https:\/\/www.electronicabega.com\/energia-solar\/wp-content\/uploads\/2019\/10\/dibujo-prueba.jpg\" alt=\"Sin acumulaci\u00f3n\" width=\"1648\" height=\"1165\" srcset=\"https:\/\/www.electronicabega.com\/energia-solar\/wp-content\/uploads\/2019\/10\/dibujo-prueba.jpg 1648w, https:\/\/www.electronicabega.com\/energia-solar\/wp-content\/uploads\/2019\/10\/dibujo-prueba-300x212.jpg 300w, https:\/\/www.electronicabega.com\/energia-solar\/wp-content\/uploads\/2019\/10\/dibujo-prueba-768x543.jpg 768w, https:\/\/www.electronicabega.com\/energia-solar\/wp-content\/uploads\/2019\/10\/dibujo-prueba-1024x724.jpg 1024w, https:\/\/www.electronicabega.com\/energia-solar\/wp-content\/uploads\/2019\/10\/dibujo-prueba-133x94.jpg 133w, https:\/\/www.electronicabega.com\/energia-solar\/wp-content\/uploads\/2019\/10\/dibujo-prueba-235x166.jpg 235w, https:\/\/www.electronicabega.com\/energia-solar\/wp-content\/uploads\/2019\/10\/dibujo-prueba-480x339.jpg 480w, https:\/\/www.electronicabega.com\/energia-solar\/wp-content\/uploads\/2019\/10\/dibujo-prueba-740x523.jpg 740w, https:\/\/www.electronicabega.com\/energia-solar\/wp-content\/uploads\/2019\/10\/dibujo-prueba-1520x1075.jpg 1520w\" sizes=\"auto, (max-width: 1648px) 100vw, 1648px\" \/><\/a><\/p>\n<p>&nbsp;[\/vc_column_text][vc_column_text el_class=\u00bbserviciostitulo nivel3&#8243;]<\/p>\n<h4 id=\"auto-colec\">1.1.2. Autoconsumo colectivo<\/h4>\n<p>Varios consumidores se alimentan, de forma acordada, de la energ\u00eda el\u00e9ctrica proveniente de una o varias instalaciones fotovoltaicas pr\u00f3ximas a las de consumo y asociadas a los mismos.<\/p>\n<p>Hay dos modalidades y <strong>variantes de las mismas<\/strong>. En todas ellas, la instalaci\u00f3n fotovoltaica requiere de un contador que contabilice la energ\u00eda neta producida y se reparte la producci\u00f3n en base a unos coeficientes acordados:<\/p>\n<p>&nbsp;<\/p>\n<ul>\n<li>Autoconsumo colectivo con conexi\u00f3n en una red interior o propia. La compensaci\u00f3n de excedentes solo es posible en conexiones en red interior.<\/li>\n<\/ul>\n<p>&nbsp;<\/p>\n<ul>\n<li>Colectivo (y tambi\u00e9n individual) en instalaciones pr\u00f3ximas a trav\u00e9s de la red. La conexi\u00f3n se realiza en la red el\u00e9ctrica de la distribuidora. Se debe de cumplir el <a href=\"https:\/\/www.electronicabega.com\/energia-solar\/informacion-administrativa\/\"><strong>Art 3 RD 244\/219<\/strong><\/a>. En este caso no es posible la compensaci\u00f3n de excedentes.<\/li>\n<\/ul>\n<p>&nbsp;[\/vc_column_text][vc_column_text el_class=\u00bbserviciostitulo nivel3&#8243;]<\/p>\n<h4 id=\"comunid-energ\">1.1.3. Comunidades Energ\u00e9ticas<\/h4>\n<p>[\/vc_column_text][vc_column_text]<img loading=\"lazy\" decoding=\"async\" class=\"alignnone size-full wp-image-1296 aligncenter\" src=\"https:\/\/www.electronicabega.com\/energia-solar\/wp-content\/uploads\/2022\/12\/separador.png\" alt=\"\" width=\"150\" height=\"60\" srcset=\"https:\/\/www.electronicabega.com\/energia-solar\/wp-content\/uploads\/2022\/12\/separador.png 150w, https:\/\/www.electronicabega.com\/energia-solar\/wp-content\/uploads\/2022\/12\/separador-133x53.png 133w\" sizes=\"auto, (max-width: 150px) 100vw, 150px\" \/>[\/vc_column_text][nur_section_heading decoration=\u00bbline\u00bb el_class=\u00bbserviciostitulo nivel2&#8243;]<\/p>\n<h3 id=\"auto-con-acu\">1.2. Autoconsumo conectado a red con acumulaci\u00f3n<\/h3>\n<p>[\/nur_section_heading][vc_column_text el_class=\u00bbserviciostitulo nivel2&#8243;]Ser\u00edan instalaciones individuales conectadas en la red interior y que tienen un sistema de acumulaci\u00f3n de energ\u00eda excedentaria (Bater\u00edas).<\/p>\n<p>Primero se consume la energ\u00eda fotovoltaica, y cuando esta no es suficiente, se complementa con la energ\u00eda acumulada en las bater\u00edas, y a continuaci\u00f3n con la electricidad de la red. Si hay excedentes te puedes acoger al <strong>mecanismo de compensaci\u00f3n de excedentes<\/strong>. Adem\u00e1s te ofrecemos la <strong>bater\u00eda virtual<\/strong>.<\/p>\n<p><a href=\"https:\/\/www.electronicabega.com\/energia-solar\/wp-content\/uploads\/2019\/10\/1.2.1-Autoconsumo-conectado-a-red-con-acumulaci\u00f3n-e-inversor-h\u00edbrido.jpg\"><img loading=\"lazy\" decoding=\"async\" class=\"aligncenter wp-image-815 size-full\" src=\"https:\/\/www.electronicabega.com\/energia-solar\/wp-content\/uploads\/2019\/10\/1.2.1-Autoconsumo-conectado-a-red-con-acumulaci\u00f3n-e-inversor-h\u00edbrido.jpg\" alt=\"Autoconsumo conectado a red con acumulaci\u00f3n e inversor h\u00edbrido\" width=\"1648\" height=\"1165\" srcset=\"https:\/\/www.electronicabega.com\/energia-solar\/wp-content\/uploads\/2019\/10\/1.2.1-Autoconsumo-conectado-a-red-con-acumulaci\u00f3n-e-inversor-h\u00edbrido.jpg 1648w, https:\/\/www.electronicabega.com\/energia-solar\/wp-content\/uploads\/2019\/10\/1.2.1-Autoconsumo-conectado-a-red-con-acumulaci\u00f3n-e-inversor-h\u00edbrido-300x212.jpg 300w, https:\/\/www.electronicabega.com\/energia-solar\/wp-content\/uploads\/2019\/10\/1.2.1-Autoconsumo-conectado-a-red-con-acumulaci\u00f3n-e-inversor-h\u00edbrido-768x543.jpg 768w, https:\/\/www.electronicabega.com\/energia-solar\/wp-content\/uploads\/2019\/10\/1.2.1-Autoconsumo-conectado-a-red-con-acumulaci\u00f3n-e-inversor-h\u00edbrido-1024x724.jpg 1024w, https:\/\/www.electronicabega.com\/energia-solar\/wp-content\/uploads\/2019\/10\/1.2.1-Autoconsumo-conectado-a-red-con-acumulaci\u00f3n-e-inversor-h\u00edbrido-133x94.jpg 133w, https:\/\/www.electronicabega.com\/energia-solar\/wp-content\/uploads\/2019\/10\/1.2.1-Autoconsumo-conectado-a-red-con-acumulaci\u00f3n-e-inversor-h\u00edbrido-235x166.jpg 235w, https:\/\/www.electronicabega.com\/energia-solar\/wp-content\/uploads\/2019\/10\/1.2.1-Autoconsumo-conectado-a-red-con-acumulaci\u00f3n-e-inversor-h\u00edbrido-480x339.jpg 480w, https:\/\/www.electronicabega.com\/energia-solar\/wp-content\/uploads\/2019\/10\/1.2.1-Autoconsumo-conectado-a-red-con-acumulaci\u00f3n-e-inversor-h\u00edbrido-740x523.jpg 740w, https:\/\/www.electronicabega.com\/energia-solar\/wp-content\/uploads\/2019\/10\/1.2.1-Autoconsumo-conectado-a-red-con-acumulaci\u00f3n-e-inversor-h\u00edbrido-1520x1075.jpg 1520w\" sizes=\"auto, (max-width: 1648px) 100vw, 1648px\" \/><\/a>[\/vc_column_text][vc_column_text]<img loading=\"lazy\" decoding=\"async\" class=\"alignnone size-full wp-image-1296 aligncenter\" src=\"https:\/\/www.electronicabega.com\/energia-solar\/wp-content\/uploads\/2022\/12\/separador.png\" alt=\"\" width=\"150\" height=\"60\" srcset=\"https:\/\/www.electronicabega.com\/energia-solar\/wp-content\/uploads\/2022\/12\/separador.png 150w, https:\/\/www.electronicabega.com\/energia-solar\/wp-content\/uploads\/2022\/12\/separador-133x53.png 133w\" sizes=\"auto, (max-width: 150px) 100vw, 150px\" \/>[\/vc_column_text][nur_section_heading decoration=\u00bbline\u00bb el_class=\u00bbserviciostitulo nivel1&#8243;]<\/p>\n<h2 id=\"auto-aisla\">2. Instalaciones de autoconsumo aisladas de la red el\u00e9ctrica (Microgrids)<\/h2>\n<p>[\/nur_section_heading][vc_column_text el_class=\u00bbserviciostitulo nivel2&#8243;]Independ\u00edzate. Energ\u00eda sin factura el\u00e9ctrica.[\/vc_column_text][nur_section_heading decoration=\u00bbline\u00bb el_class=\u00bbserviciostitulo nivel2&#8243; css=\u00bb.vc_custom_1674729842319{margin-top: 30px !important;}\u00bb]<\/p>\n<h3 id=\"auto-aisla-con-reg\">2.1. Autoconsumo aislado con regulador MPPT e inversor de bater\u00edas (peque\u00f1o tama\u00f1o)<\/h3>\n<p>[\/nur_section_heading][vc_column_text el_class=\u00bbnivel2&#8243;]Esta soluci\u00f3n se realiza cuando las instalaciones son de peque\u00f1o tama\u00f1o: n\u00famero reducido de paneles.<\/p>\n<p><a href=\"https:\/\/www.electronicabega.com\/energia-solar\/wp-content\/uploads\/2019\/10\/2.1-Microgrid-1-Sistema-aislado-de-la-red-el\u00e9ctrica-con-regulador-de-carga-mppt.jpg\"><img loading=\"lazy\" decoding=\"async\" class=\"aligncenter wp-image-817 size-large\" src=\"https:\/\/www.electronicabega.com\/energia-solar\/wp-content\/uploads\/2019\/10\/2.1-Microgrid-1-Sistema-aislado-de-la-red-el\u00e9ctrica-con-regulador-de-carga-mppt-1024x724.jpg\" alt=\"Microgrid 1- Sistema aislado de la red el\u00e9ctrica con regulador de carga mppt\" width=\"820\" height=\"580\" srcset=\"https:\/\/www.electronicabega.com\/energia-solar\/wp-content\/uploads\/2019\/10\/2.1-Microgrid-1-Sistema-aislado-de-la-red-el\u00e9ctrica-con-regulador-de-carga-mppt-1024x724.jpg 1024w, https:\/\/www.electronicabega.com\/energia-solar\/wp-content\/uploads\/2019\/10\/2.1-Microgrid-1-Sistema-aislado-de-la-red-el\u00e9ctrica-con-regulador-de-carga-mppt-300x212.jpg 300w, https:\/\/www.electronicabega.com\/energia-solar\/wp-content\/uploads\/2019\/10\/2.1-Microgrid-1-Sistema-aislado-de-la-red-el\u00e9ctrica-con-regulador-de-carga-mppt-768x543.jpg 768w, https:\/\/www.electronicabega.com\/energia-solar\/wp-content\/uploads\/2019\/10\/2.1-Microgrid-1-Sistema-aislado-de-la-red-el\u00e9ctrica-con-regulador-de-carga-mppt-133x94.jpg 133w, https:\/\/www.electronicabega.com\/energia-solar\/wp-content\/uploads\/2019\/10\/2.1-Microgrid-1-Sistema-aislado-de-la-red-el\u00e9ctrica-con-regulador-de-carga-mppt-235x166.jpg 235w, https:\/\/www.electronicabega.com\/energia-solar\/wp-content\/uploads\/2019\/10\/2.1-Microgrid-1-Sistema-aislado-de-la-red-el\u00e9ctrica-con-regulador-de-carga-mppt-480x339.jpg 480w, https:\/\/www.electronicabega.com\/energia-solar\/wp-content\/uploads\/2019\/10\/2.1-Microgrid-1-Sistema-aislado-de-la-red-el\u00e9ctrica-con-regulador-de-carga-mppt-740x523.jpg 740w, https:\/\/www.electronicabega.com\/energia-solar\/wp-content\/uploads\/2019\/10\/2.1-Microgrid-1-Sistema-aislado-de-la-red-el\u00e9ctrica-con-regulador-de-carga-mppt-1520x1075.jpg 1520w, https:\/\/www.electronicabega.com\/energia-solar\/wp-content\/uploads\/2019\/10\/2.1-Microgrid-1-Sistema-aislado-de-la-red-el\u00e9ctrica-con-regulador-de-carga-mppt.jpg 1648w\" sizes=\"auto, (max-width: 820px) 100vw, 820px\" \/><\/a>[\/vc_column_text][nur_section_heading decoration=\u00bbline\u00bb el_class=\u00bbserviciostitulo nivel2&#8243; css=\u00bb.vc_custom_1671743016485{margin-top: 30px !important;}\u00bb]<\/p>\n<h3 id=\"conacu\">2.2. Autoconsumo aislado con inversor de red como regulador MPPT (gran tama\u00f1o)<\/h3>\n<p>[\/nur_section_heading][vc_column_text el_class=\u00bbnivel2&#8243;]Esta soluci\u00f3n se utiliza en instalaciones de gran tama\u00f1o (muchos paneles fotovoltaicos), y cuando una parte importante de la producci\u00f3n se consume seg\u00fan se produce (sin pasar por bater\u00edas), es decir, tiene un consumo importante durante las horas de sol.<\/p>\n<p><a href=\"https:\/\/www.electronicabega.com\/energia-solar\/wp-content\/uploads\/2019\/10\/2.2-Microgrid-2-Sistema-aislado-de-la-red-el\u00e9ctrica-con-inversor-de-conexi\u00f3n-a-red-como-regulador-de-carga-mppt.jpg\"><img loading=\"lazy\" decoding=\"async\" class=\"aligncenter wp-image-818 size-large\" src=\"https:\/\/www.electronicabega.com\/energia-solar\/wp-content\/uploads\/2019\/10\/2.2-Microgrid-2-Sistema-aislado-de-la-red-el\u00e9ctrica-con-inversor-de-conexi\u00f3n-a-red-como-regulador-de-carga-mppt-1024x724.jpg\" alt=\"Microgrid 2- Sistema aislado de la red el\u00e9ctrica con inversor de conexi\u00f3n a red como regulador de carga mppt\" width=\"820\" height=\"580\" srcset=\"https:\/\/www.electronicabega.com\/energia-solar\/wp-content\/uploads\/2019\/10\/2.2-Microgrid-2-Sistema-aislado-de-la-red-el\u00e9ctrica-con-inversor-de-conexi\u00f3n-a-red-como-regulador-de-carga-mppt-1024x724.jpg 1024w, https:\/\/www.electronicabega.com\/energia-solar\/wp-content\/uploads\/2019\/10\/2.2-Microgrid-2-Sistema-aislado-de-la-red-el\u00e9ctrica-con-inversor-de-conexi\u00f3n-a-red-como-regulador-de-carga-mppt-300x212.jpg 300w, https:\/\/www.electronicabega.com\/energia-solar\/wp-content\/uploads\/2019\/10\/2.2-Microgrid-2-Sistema-aislado-de-la-red-el\u00e9ctrica-con-inversor-de-conexi\u00f3n-a-red-como-regulador-de-carga-mppt-768x543.jpg 768w, https:\/\/www.electronicabega.com\/energia-solar\/wp-content\/uploads\/2019\/10\/2.2-Microgrid-2-Sistema-aislado-de-la-red-el\u00e9ctrica-con-inversor-de-conexi\u00f3n-a-red-como-regulador-de-carga-mppt-133x94.jpg 133w, https:\/\/www.electronicabega.com\/energia-solar\/wp-content\/uploads\/2019\/10\/2.2-Microgrid-2-Sistema-aislado-de-la-red-el\u00e9ctrica-con-inversor-de-conexi\u00f3n-a-red-como-regulador-de-carga-mppt-235x166.jpg 235w, https:\/\/www.electronicabega.com\/energia-solar\/wp-content\/uploads\/2019\/10\/2.2-Microgrid-2-Sistema-aislado-de-la-red-el\u00e9ctrica-con-inversor-de-conexi\u00f3n-a-red-como-regulador-de-carga-mppt-480x339.jpg 480w, https:\/\/www.electronicabega.com\/energia-solar\/wp-content\/uploads\/2019\/10\/2.2-Microgrid-2-Sistema-aislado-de-la-red-el\u00e9ctrica-con-inversor-de-conexi\u00f3n-a-red-como-regulador-de-carga-mppt-740x523.jpg 740w, https:\/\/www.electronicabega.com\/energia-solar\/wp-content\/uploads\/2019\/10\/2.2-Microgrid-2-Sistema-aislado-de-la-red-el\u00e9ctrica-con-inversor-de-conexi\u00f3n-a-red-como-regulador-de-carga-mppt-1520x1075.jpg 1520w, https:\/\/www.electronicabega.com\/energia-solar\/wp-content\/uploads\/2019\/10\/2.2-Microgrid-2-Sistema-aislado-de-la-red-el\u00e9ctrica-con-inversor-de-conexi\u00f3n-a-red-como-regulador-de-carga-mppt.jpg 1648w\" sizes=\"auto, (max-width: 820px) 100vw, 820px\" \/><\/a>[\/vc_column_text][vc_column_text]<img loading=\"lazy\" decoding=\"async\" class=\"alignnone size-full wp-image-1296 aligncenter\" src=\"https:\/\/www.electronicabega.com\/energia-solar\/wp-content\/uploads\/2022\/12\/separador.png\" alt=\"\" width=\"150\" height=\"60\" srcset=\"https:\/\/www.electronicabega.com\/energia-solar\/wp-content\/uploads\/2022\/12\/separador.png 150w, https:\/\/www.electronicabega.com\/energia-solar\/wp-content\/uploads\/2022\/12\/separador-133x53.png 133w\" sizes=\"auto, (max-width: 150px) 100vw, 150px\" \/>[\/vc_column_text][nur_section_heading decoration=\u00bbline\u00bb el_class=\u00bbserviciostitulo nivel1&#8243;]<\/p>\n<h2 id=\"mante-insta\">3. Mantenimiento de instalaciones fotovoltaicas<\/h2>\n<p>[\/nur_section_heading][vc_column_text]Realizamos mantenimientos integrales de instalaciones fotovoltaicas<\/p>\n<p>Hacemos inspecciones termogr\u00e1ficas<\/p>\n<p>Gestionamos OCAS[\/vc_column_text][vc_column_text]<img loading=\"lazy\" decoding=\"async\" class=\"alignnone size-full wp-image-1296 aligncenter\" src=\"https:\/\/www.electronicabega.com\/energia-solar\/wp-content\/uploads\/2022\/12\/separador.png\" alt=\"\" width=\"150\" height=\"60\" srcset=\"https:\/\/www.electronicabega.com\/energia-solar\/wp-content\/uploads\/2022\/12\/separador.png 150w, https:\/\/www.electronicabega.com\/energia-solar\/wp-content\/uploads\/2022\/12\/separador-133x53.png 133w\" sizes=\"auto, (max-width: 150px) 100vw, 150px\" \/>[\/vc_column_text][\/vc_column][\/vc_row]<\/p>\n<\/section>","protected":false},"excerpt":{"rendered":"<p>[vc_row][vc_column][vc_single_image image=\u00bb1293&#8243; img_size=\u00bbfull\u00bb alignment=\u00bbcenter\u00bb css=\u00bb.vc_custom_1674724587625{margin-top: 20px !important;margin-bottom: 40px !important;}\u00bb][\/vc_column][\/vc_row][vc_row el_class=\u00bbservicios\u00bb][vc_column][nur_section_heading el_class=\u00bbserviciostitulo\u00bb] Que hacemos en Bega Solar [\/nur_section_heading][nur_section_heading decoration=\u00bbline\u00bb el_class=\u00bbserviciostitulo nivel1&#8243;] 1. Instalaciones de autoconsumo conectadas a la red el\u00e9ctrica [\/nur_section_heading][vc_column_text]Si se va a verter a la red, tienen menos de 15 kw y se realizan en suelo urbano, NO requieren permiso de acceso a la [&hellip;]<\/p>\n","protected":false},"author":6,"featured_media":0,"parent":0,"menu_order":0,"comment_status":"closed","ping_status":"closed","template":"","meta":{"footnotes":""},"class_list":["post-1361","page","type-page","status-publish","hentry"],"yoast_head":"<!-- This site is optimized with the Yoast SEO plugin v20.8 - https:\/\/yoast.com\/wordpress\/plugins\/seo\/ -->\n<title>Que hacemos - Bega Solar Energ\u00edas Renovables - Soluciones de la energ\u00eda solar<\/title>\n<meta name=\"description\" content=\"Servicios. Autoconsumo conectado a la red el\u00e9ctrica, aislado de la red el\u00e9ctrica, suministro fotovoltaico, mantenimiento de placas solares\" \/>\n<meta name=\"robots\" content=\"noindex, follow, max-snippet:-1, max-image-preview:large, max-video-preview:-1\" \/>\n<meta property=\"og:locale\" content=\"es_ES\" \/>\n<meta property=\"og:type\" content=\"article\" \/>\n<meta property=\"og:title\" content=\"Que hacemos - Bega Solar Energ\u00edas Renovables - Soluciones de la energ\u00eda solar\" \/>\n<meta property=\"og:description\" content=\"Servicios. Autoconsumo conectado a la red el\u00e9ctrica, aislado de la red el\u00e9ctrica, suministro fotovoltaico, mantenimiento de placas solares\" \/>\n<meta property=\"og:url\" content=\"https:\/\/www.electronicabega.com\/energia-solar\/servicios-que-hacemos\/\" \/>\n<meta property=\"og:site_name\" content=\"Bega Solar Energ\u00edas Renovables\" \/>\n<meta property=\"article:modified_time\" content=\"2023-04-04T11:13:48+00:00\" \/>\n<meta property=\"og:image\" content=\"https:\/\/www.electronicabega.com\/energia-solar\/wp-content\/uploads\/2019\/10\/dibujo-prueba.jpg\" \/>\n<meta name=\"twitter:card\" content=\"summary_large_image\" \/>\n<meta name=\"twitter:label1\" content=\"Tiempo de lectura\" \/>\n\t<meta name=\"twitter:data1\" content=\"8 minutos\" \/>\n<script type=\"application\/ld+json\" class=\"yoast-schema-graph\">{\"@context\":\"https:\/\/schema.org\",\"@graph\":[{\"@type\":\"WebPage\",\"@id\":\"https:\/\/www.electronicabega.com\/energia-solar\/servicios-que-hacemos\/\",\"url\":\"https:\/\/www.electronicabega.com\/energia-solar\/servicios-que-hacemos\/\",\"name\":\"Que hacemos - Bega Solar Energ\u00edas Renovables - Soluciones de la energ\u00eda solar\",\"isPartOf\":{\"@id\":\"https:\/\/www.electronicabega.com\/energia-solar\/#website\"},\"datePublished\":\"2022-12-22T21:17:22+00:00\",\"dateModified\":\"2023-04-04T11:13:48+00:00\",\"description\":\"Servicios. Autoconsumo conectado a la red el\u00e9ctrica, aislado de la red el\u00e9ctrica, suministro fotovoltaico, mantenimiento de placas solares\",\"breadcrumb\":{\"@id\":\"https:\/\/www.electronicabega.com\/energia-solar\/servicios-que-hacemos\/#breadcrumb\"},\"inLanguage\":\"es\",\"potentialAction\":[{\"@type\":\"ReadAction\",\"target\":[\"https:\/\/www.electronicabega.com\/energia-solar\/servicios-que-hacemos\/\"]}]},{\"@type\":\"BreadcrumbList\",\"@id\":\"https:\/\/www.electronicabega.com\/energia-solar\/servicios-que-hacemos\/#breadcrumb\",\"itemListElement\":[{\"@type\":\"ListItem\",\"position\":1,\"name\":\"Portada\",\"item\":\"https:\/\/www.electronicabega.com\/energia-solar\/\"},{\"@type\":\"ListItem\",\"position\":2,\"name\":\"Que hacemos\"}]},{\"@type\":\"WebSite\",\"@id\":\"https:\/\/www.electronicabega.com\/energia-solar\/#website\",\"url\":\"https:\/\/www.electronicabega.com\/energia-solar\/\",\"name\":\"Bega Solar Energ\u00edas Renovables\",\"description\":\"Bega Solar, especialistas en generaci\u00f3n de electricidad renovable\",\"publisher\":{\"@id\":\"https:\/\/www.electronicabega.com\/energia-solar\/#organization\"},\"potentialAction\":[{\"@type\":\"SearchAction\",\"target\":{\"@type\":\"EntryPoint\",\"urlTemplate\":\"https:\/\/www.electronicabega.com\/energia-solar\/?s={search_term_string}\"},\"query-input\":\"required name=search_term_string\"}],\"inLanguage\":\"es\"},{\"@type\":\"Organization\",\"@id\":\"https:\/\/www.electronicabega.com\/energia-solar\/#organization\",\"name\":\"Bega Solar Energ\u00edas Renovables\",\"url\":\"https:\/\/www.electronicabega.com\/energia-solar\/\",\"logo\":{\"@type\":\"ImageObject\",\"inLanguage\":\"es\",\"@id\":\"https:\/\/www.electronicabega.com\/energia-solar\/#\/schema\/logo\/image\/\",\"url\":\"https:\/\/www.electronicabega.com\/energia-solar\/wp-content\/uploads\/2022\/12\/cropped-Logo-Begasolar.png\",\"contentUrl\":\"https:\/\/www.electronicabega.com\/energia-solar\/wp-content\/uploads\/2022\/12\/cropped-Logo-Begasolar.png\",\"width\":448,\"height\":182,\"caption\":\"Bega Solar Energ\u00edas Renovables\"},\"image\":{\"@id\":\"https:\/\/www.electronicabega.com\/energia-solar\/#\/schema\/logo\/image\/\"}}]}<\/script>\n<!-- \/ Yoast SEO plugin. -->","yoast_head_json":{"title":"Que hacemos - Bega Solar Energ\u00edas Renovables - Soluciones de la energ\u00eda solar","description":"Servicios. Autoconsumo conectado a la red el\u00e9ctrica, aislado de la red el\u00e9ctrica, suministro fotovoltaico, mantenimiento de placas solares","robots":{"index":"noindex","follow":"follow","max-snippet":"max-snippet:-1","max-image-preview":"max-image-preview:large","max-video-preview":"max-video-preview:-1"},"og_locale":"es_ES","og_type":"article","og_title":"Que hacemos - Bega Solar Energ\u00edas Renovables - Soluciones de la energ\u00eda solar","og_description":"Servicios. Autoconsumo conectado a la red el\u00e9ctrica, aislado de la red el\u00e9ctrica, suministro fotovoltaico, mantenimiento de placas solares","og_url":"https:\/\/www.electronicabega.com\/energia-solar\/servicios-que-hacemos\/","og_site_name":"Bega Solar Energ\u00edas Renovables","article_modified_time":"2023-04-04T11:13:48+00:00","og_image":[{"url":"https:\/\/www.electronicabega.com\/energia-solar\/wp-content\/uploads\/2019\/10\/dibujo-prueba.jpg"}],"twitter_card":"summary_large_image","twitter_misc":{"Tiempo de lectura":"8 minutos"},"schema":{"@context":"https:\/\/schema.org","@graph":[{"@type":"WebPage","@id":"https:\/\/www.electronicabega.com\/energia-solar\/servicios-que-hacemos\/","url":"https:\/\/www.electronicabega.com\/energia-solar\/servicios-que-hacemos\/","name":"Que hacemos - Bega Solar Energ\u00edas Renovables - Soluciones de la energ\u00eda solar","isPartOf":{"@id":"https:\/\/www.electronicabega.com\/energia-solar\/#website"},"datePublished":"2022-12-22T21:17:22+00:00","dateModified":"2023-04-04T11:13:48+00:00","description":"Servicios. Autoconsumo conectado a la red el\u00e9ctrica, aislado de la red el\u00e9ctrica, suministro fotovoltaico, mantenimiento de placas solares","breadcrumb":{"@id":"https:\/\/www.electronicabega.com\/energia-solar\/servicios-que-hacemos\/#breadcrumb"},"inLanguage":"es","potentialAction":[{"@type":"ReadAction","target":["https:\/\/www.electronicabega.com\/energia-solar\/servicios-que-hacemos\/"]}]},{"@type":"BreadcrumbList","@id":"https:\/\/www.electronicabega.com\/energia-solar\/servicios-que-hacemos\/#breadcrumb","itemListElement":[{"@type":"ListItem","position":1,"name":"Portada","item":"https:\/\/www.electronicabega.com\/energia-solar\/"},{"@type":"ListItem","position":2,"name":"Que hacemos"}]},{"@type":"WebSite","@id":"https:\/\/www.electronicabega.com\/energia-solar\/#website","url":"https:\/\/www.electronicabega.com\/energia-solar\/","name":"Bega Solar Energ\u00edas Renovables","description":"Bega Solar, especialistas en generaci\u00f3n de electricidad renovable","publisher":{"@id":"https:\/\/www.electronicabega.com\/energia-solar\/#organization"},"potentialAction":[{"@type":"SearchAction","target":{"@type":"EntryPoint","urlTemplate":"https:\/\/www.electronicabega.com\/energia-solar\/?s={search_term_string}"},"query-input":"required name=search_term_string"}],"inLanguage":"es"},{"@type":"Organization","@id":"https:\/\/www.electronicabega.com\/energia-solar\/#organization","name":"Bega Solar Energ\u00edas Renovables","url":"https:\/\/www.electronicabega.com\/energia-solar\/","logo":{"@type":"ImageObject","inLanguage":"es","@id":"https:\/\/www.electronicabega.com\/energia-solar\/#\/schema\/logo\/image\/","url":"https:\/\/www.electronicabega.com\/energia-solar\/wp-content\/uploads\/2022\/12\/cropped-Logo-Begasolar.png","contentUrl":"https:\/\/www.electronicabega.com\/energia-solar\/wp-content\/uploads\/2022\/12\/cropped-Logo-Begasolar.png","width":448,"height":182,"caption":"Bega Solar Energ\u00edas Renovables"},"image":{"@id":"https:\/\/www.electronicabega.com\/energia-solar\/#\/schema\/logo\/image\/"}}]}},"_links":{"self":[{"href":"https:\/\/www.electronicabega.com\/energia-solar\/wp-json\/wp\/v2\/pages\/1361","targetHints":{"allow":["GET"]}}],"collection":[{"href":"https:\/\/www.electronicabega.com\/energia-solar\/wp-json\/wp\/v2\/pages"}],"about":[{"href":"https:\/\/www.electronicabega.com\/energia-solar\/wp-json\/wp\/v2\/types\/page"}],"author":[{"embeddable":true,"href":"https:\/\/www.electronicabega.com\/energia-solar\/wp-json\/wp\/v2\/users\/6"}],"replies":[{"embeddable":true,"href":"https:\/\/www.electronicabega.com\/energia-solar\/wp-json\/wp\/v2\/comments?post=1361"}],"version-history":[{"count":25,"href":"https:\/\/www.electronicabega.com\/energia-solar\/wp-json\/wp\/v2\/pages\/1361\/revisions"}],"predecessor-version":[{"id":1551,"href":"https:\/\/www.electronicabega.com\/energia-solar\/wp-json\/wp\/v2\/pages\/1361\/revisions\/1551"}],"wp:attachment":[{"href":"https:\/\/www.electronicabega.com\/energia-solar\/wp-json\/wp\/v2\/media?parent=1361"}],"curies":[{"name":"wp","href":"https:\/\/api.w.org\/{rel}","templated":true}]}}