{"id":353,"date":"2017-10-28T23:42:55","date_gmt":"2017-10-28T23:42:55","guid":{"rendered":"https:\/\/import.brothersthemes.com\/nur\/?page_id=189"},"modified":"2022-12-22T18:56:21","modified_gmt":"2022-12-22T18:56:21","slug":"obras","status":"publish","type":"page","link":"https:\/\/www.electronicabega.com\/energia-solar\/obras\/","title":{"rendered":"Obras"},"content":{"rendered":"<section class=\"wpb-content-wrapper\"><p>[vc_row full_width=\u00bbstretch_row_content_no_spaces\u00bb][vc_column width=\u00bb1\/2&#8243; el_class=\u00bbtextoder\u00bb][nur_section_heading decoration=\u00bbline\u00bb el_class=\u00bbml-0&#8243;]<\/p>\n<h2>Sistema aislado con bater\u00edas en Cementera en Villasequilla de Yepes (Toledo)<\/h2>\n<p>[\/nur_section_heading][\/vc_column][vc_column width=\u00bb1\/2&#8243; css=\u00bb.vc_custom_1568737196502{background-position: center !important;background-repeat: no-repeat !important;background-size: cover !important;}\u00bb][vc_images_carousel images=\u00bb1228,1229,1230,1232&#8243; img_size=\u00bbfull\u00bb speed=\u00bb3000&#8243; autoplay=\u00bbyes\u00bb wrap=\u00bbyes\u00bb][\/vc_column][\/vc_row][vc_row css=\u00bb.vc_custom_1671735228455{margin-top: 20px !important;margin-bottom: 20px !important;}\u00bb][vc_column][vc_column_text]<\/p>\n<p style=\"text-align: center;\"><img loading=\"lazy\" decoding=\"async\" class=\"alignnone size-full wp-image-1296\" src=\"https:\/\/www.electronicabega.com\/energia-solar\/wp-content\/uploads\/2022\/12\/separador.png\" alt=\"\" width=\"150\" height=\"60\" srcset=\"https:\/\/www.electronicabega.com\/energia-solar\/wp-content\/uploads\/2022\/12\/separador.png 150w, https:\/\/www.electronicabega.com\/energia-solar\/wp-content\/uploads\/2022\/12\/separador-133x53.png 133w\" sizes=\"auto, (max-width: 150px) 100vw, 150px\" \/><\/p>\n<p>[\/vc_column_text][\/vc_column][\/vc_row][vc_row full_width=\u00bbstretch_row_content_no_spaces\u00bb][vc_column width=\u00bb1\/2&#8243;][vc_images_carousel images=\u00bb900,706,705,899&#8243; img_size=\u00bbfull\u00bb speed=\u00bb3000&#8243; autoplay=\u00bbyes\u00bb wrap=\u00bbyes\u00bb][\/vc_column][vc_column width=\u00bb1\/2&#8243; el_class=\u00bbtextoizq\u00bb][nur_section_heading decoration=\u00bbline\u00bb el_class=\u00bbml-0&#8243;]<\/p>\n<h2>Autoconsumo 24,6 kw en Restaurante la Higuera de Jos\u00e9 en Layos<\/h2>\n<p>[\/nur_section_heading][\/vc_column][\/vc_row][vc_row css=\u00bb.vc_custom_1671735257601{margin-top: 20px !important;margin-bottom: 20px !important;}\u00bb][vc_column][vc_column_text]<\/p>\n<p style=\"text-align: center;\"><img loading=\"lazy\" decoding=\"async\" class=\"alignnone size-full wp-image-1296\" src=\"https:\/\/www.electronicabega.com\/energia-solar\/wp-content\/uploads\/2022\/12\/separador.png\" alt=\"\" width=\"150\" height=\"60\" srcset=\"https:\/\/www.electronicabega.com\/energia-solar\/wp-content\/uploads\/2022\/12\/separador.png 150w, https:\/\/www.electronicabega.com\/energia-solar\/wp-content\/uploads\/2022\/12\/separador-133x53.png 133w\" sizes=\"auto, (max-width: 150px) 100vw, 150px\" \/><\/p>\n<p>[\/vc_column_text][\/vc_column][\/vc_row][vc_row full_width=\u00bbstretch_row_content_no_spaces\u00bb][vc_column width=\u00bb1\/2&#8243; css=\u00bb.vc_custom_1568738437654{background-position: center !important;background-repeat: no-repeat !important;background-size: cover !important;}\u00bb el_class=\u00bbtextoizq\u00bb][nur_section_heading decoration=\u00bbline\u00bb el_class=\u00bbml-0&#8243;]<\/p>\n<h2>Autoconsumo fotovoltaico de 20 kW en edificio de viviendas en la Calle Gloria Fuertes de Madrid<\/h2>\n<p>[\/nur_section_heading][\/vc_column][vc_column width=\u00bb1\/2&#8243;][vc_images_carousel images=\u00bb1234,1235&#8243; img_size=\u00bbfull\u00bb speed=\u00bb3000&#8243; autoplay=\u00bbyes\u00bb wrap=\u00bbyes\u00bb][\/vc_column][\/vc_row][vc_row css=\u00bb.vc_custom_1671735270119{margin-top: 20px !important;margin-bottom: 20px !important;}\u00bb][vc_column][vc_column_text]<\/p>\n<p style=\"text-align: center;\"><img loading=\"lazy\" decoding=\"async\" class=\"alignnone size-full wp-image-1296\" src=\"https:\/\/www.electronicabega.com\/energia-solar\/wp-content\/uploads\/2022\/12\/separador.png\" alt=\"\" width=\"150\" height=\"60\" srcset=\"https:\/\/www.electronicabega.com\/energia-solar\/wp-content\/uploads\/2022\/12\/separador.png 150w, https:\/\/www.electronicabega.com\/energia-solar\/wp-content\/uploads\/2022\/12\/separador-133x53.png 133w\" sizes=\"auto, (max-width: 150px) 100vw, 150px\" \/><\/p>\n<p>[\/vc_column_text][\/vc_column][\/vc_row][vc_row full_width=\u00bbstretch_row_content_no_spaces\u00bb][vc_column width=\u00bb1\/2&#8243;][vc_images_carousel images=\u00bb732,730,731,1241&#8243; img_size=\u00bbfull\u00bb speed=\u00bb3000&#8243; autoplay=\u00bbyes\u00bb wrap=\u00bbyes\u00bb][\/vc_column][vc_column width=\u00bb1\/2&#8243; el_class=\u00bbtextoizq\u00bb][nur_section_heading decoration=\u00bbline\u00bb el_class=\u00bbml-0&#8243;]<\/p>\n<h2>Autoconsumo fotovoltaico de 8,5 kw con modulos de alta eficiencia Panasonic y bater\u00eda de litio en vivienda unifamiliar en Soto del Real (Madrid). Primer inmueble de la peninsula que logra el certificado de eficiencia energ\u00e9tica Passivhauss Premium.<\/h2>\n<p>[\/nur_section_heading][\/vc_column][\/vc_row][vc_row css=\u00bb.vc_custom_1671735270119{margin-top: 20px !important;margin-bottom: 20px !important;}\u00bb][vc_column][vc_column_text]<\/p>\n<p style=\"text-align: center;\"><img loading=\"lazy\" decoding=\"async\" class=\"alignnone size-full wp-image-1296\" src=\"https:\/\/www.electronicabega.com\/energia-solar\/wp-content\/uploads\/2022\/12\/separador.png\" alt=\"\" width=\"150\" height=\"60\" srcset=\"https:\/\/www.electronicabega.com\/energia-solar\/wp-content\/uploads\/2022\/12\/separador.png 150w, https:\/\/www.electronicabega.com\/energia-solar\/wp-content\/uploads\/2022\/12\/separador-133x53.png 133w\" sizes=\"auto, (max-width: 150px) 100vw, 150px\" \/><\/p>\n<p>[\/vc_column_text][\/vc_column][\/vc_row][vc_row full_width=\u00bbstretch_row_content_no_spaces\u00bb][vc_column width=\u00bb1\/2&#8243; el_class=\u00bbtextoder\u00bb][nur_section_heading decoration=\u00bbline\u00bb el_class=\u00bbml-0&#8243;]<\/p>\n<h2>Conexi\u00f3n a red para venta de electricidad de 20 kw en vivienda unifamiliar en Layos (Toledo)<\/h2>\n<p>[\/nur_section_heading][\/vc_column][vc_column width=\u00bb1\/2&#8243; css=\u00bb.vc_custom_1568737196502{background-position: center !important;background-repeat: no-repeat !important;background-size: cover !important;}\u00bb][vc_images_carousel images=\u00bb701&#8243; img_size=\u00bbfull\u00bb speed=\u00bb3000&#8243; autoplay=\u00bbyes\u00bb hide_pagination_control=\u00bbyes\u00bb hide_prev_next_buttons=\u00bbyes\u00bb wrap=\u00bbyes\u00bb][\/vc_column][\/vc_row][vc_row css=\u00bb.vc_custom_1671735270119{margin-top: 20px !important;margin-bottom: 20px !important;}\u00bb][vc_column][vc_column_text]<\/p>\n<p style=\"text-align: center;\"><img loading=\"lazy\" decoding=\"async\" class=\"alignnone size-full wp-image-1296\" src=\"https:\/\/www.electronicabega.com\/energia-solar\/wp-content\/uploads\/2022\/12\/separador.png\" alt=\"\" width=\"150\" height=\"60\" srcset=\"https:\/\/www.electronicabega.com\/energia-solar\/wp-content\/uploads\/2022\/12\/separador.png 150w, https:\/\/www.electronicabega.com\/energia-solar\/wp-content\/uploads\/2022\/12\/separador-133x53.png 133w\" sizes=\"auto, (max-width: 150px) 100vw, 150px\" \/><\/p>\n<p>[\/vc_column_text][\/vc_column][\/vc_row][vc_row full_width=\u00bbstretch_row_content_no_spaces\u00bb][vc_column width=\u00bb1\/2&#8243;][vc_images_carousel images=\u00bb737,738&#8243; img_size=\u00bbfull\u00bb speed=\u00bb3000&#8243; autoplay=\u00bbyes\u00bb wrap=\u00bbyes\u00bb][\/vc_column][vc_column width=\u00bb1\/2&#8243; el_class=\u00bbtextoizq\u00bb][nur_section_heading decoration=\u00bbline\u00bb el_class=\u00bbml-0&#8243;]<\/p>\n<h2>Autoconsumo fotovoltaico de 32,5 kw en Albergue juvenil en Nambroca (Toledo). Instalaci\u00f3n integrada en la nave.<\/h2>\n<p>[\/nur_section_heading][\/vc_column][\/vc_row][vc_row css=\u00bb.vc_custom_1671735270119{margin-top: 20px !important;margin-bottom: 20px !important;}\u00bb][vc_column][vc_column_text]<\/p>\n<p style=\"text-align: center;\"><img loading=\"lazy\" decoding=\"async\" class=\"alignnone size-full wp-image-1296\" src=\"https:\/\/www.electronicabega.com\/energia-solar\/wp-content\/uploads\/2022\/12\/separador.png\" alt=\"\" width=\"150\" height=\"60\" srcset=\"https:\/\/www.electronicabega.com\/energia-solar\/wp-content\/uploads\/2022\/12\/separador.png 150w, https:\/\/www.electronicabega.com\/energia-solar\/wp-content\/uploads\/2022\/12\/separador-133x53.png 133w\" sizes=\"auto, (max-width: 150px) 100vw, 150px\" \/><\/p>\n<p>[\/vc_column_text][\/vc_column][\/vc_row][vc_row full_width=\u00bbstretch_row_content_no_spaces\u00bb][vc_column width=\u00bb1\/2&#8243; css=\u00bb.vc_custom_1568738437654{background-position: center !important;background-repeat: no-repeat !important;background-size: cover !important;}\u00bb el_class=\u00bbtextoizq\u00bb][nur_section_heading decoration=\u00bbline\u00bb el_class=\u00bbml-0&#8243;]<\/p>\n<h2>Autoconsumo fotovoltaico de 5 kw en vivienda unifamiliar Passivhaus. Ubicada en Madrid, zona Arturo Soria<\/h2>\n<p>[\/nur_section_heading][\/vc_column][vc_column width=\u00bb1\/2&#8243;][vc_images_carousel images=\u00bb704,1238,1239&#8243; img_size=\u00bbfull\u00bb speed=\u00bb3000&#8243; autoplay=\u00bbyes\u00bb wrap=\u00bbyes\u00bb][\/vc_column][\/vc_row][vc_row css=\u00bb.vc_custom_1671735270119{margin-top: 20px !important;margin-bottom: 20px !important;}\u00bb][vc_column][vc_column_text]<\/p>\n<p style=\"text-align: center;\"><img loading=\"lazy\" decoding=\"async\" class=\"alignnone size-full wp-image-1296\" src=\"https:\/\/www.electronicabega.com\/energia-solar\/wp-content\/uploads\/2022\/12\/separador.png\" alt=\"\" width=\"150\" height=\"60\" srcset=\"https:\/\/www.electronicabega.com\/energia-solar\/wp-content\/uploads\/2022\/12\/separador.png 150w, https:\/\/www.electronicabega.com\/energia-solar\/wp-content\/uploads\/2022\/12\/separador-133x53.png 133w\" sizes=\"auto, (max-width: 150px) 100vw, 150px\" \/><\/p>\n<p>[\/vc_column_text][\/vc_column][\/vc_row][vc_row full_width=\u00bbstretch_row_content_no_spaces\u00bb][vc_column width=\u00bb1\/2&#8243;][vc_images_carousel images=\u00bb736&#8243; img_size=\u00bbfull\u00bb speed=\u00bb3000&#8243; autoplay=\u00bbyes\u00bb hide_prev_next_buttons=\u00bbyes\u00bb wrap=\u00bbyes\u00bb][\/vc_column][vc_column width=\u00bb1\/2&#8243; el_class=\u00bbtextoizq\u00bb][nur_section_heading decoration=\u00bbline\u00bb el_class=\u00bbml-0&#8243;]<\/p>\n<h2>Conexi\u00f3n a red para venta de electricidad de 16 kw en vivienda unifamiliar en Sonseca. Instalaci\u00f3n integrada a la vivienda.<\/h2>\n<p>[\/nur_section_heading][\/vc_column][\/vc_row][vc_row css=\u00bb.vc_custom_1671735270119{margin-top: 20px !important;margin-bottom: 20px !important;}\u00bb][vc_column][vc_column_text]<\/p>\n<p style=\"text-align: center;\"><img loading=\"lazy\" decoding=\"async\" class=\"alignnone size-full wp-image-1296\" src=\"https:\/\/www.electronicabega.com\/energia-solar\/wp-content\/uploads\/2022\/12\/separador.png\" alt=\"\" width=\"150\" height=\"60\" srcset=\"https:\/\/www.electronicabega.com\/energia-solar\/wp-content\/uploads\/2022\/12\/separador.png 150w, https:\/\/www.electronicabega.com\/energia-solar\/wp-content\/uploads\/2022\/12\/separador-133x53.png 133w\" sizes=\"auto, (max-width: 150px) 100vw, 150px\" \/><\/p>\n<p>[\/vc_column_text][\/vc_column][\/vc_row][vc_row full_width=\u00bbstretch_row_content_no_spaces\u00bb][vc_column width=\u00bb1\/2&#8243; el_class=\u00bbtextoder\u00bb][nur_section_heading decoration=\u00bbline\u00bb el_class=\u00bbml-0&#8243;]<\/p>\n<h2>Conexi\u00f3n a red para venta de electricidad de 7,5 kw en vivienda unifamiliar en Nambroca (Toledo). Instalaci\u00f3n integrada a la vivienda.<\/h2>\n<p>[\/nur_section_heading][\/vc_column][vc_column width=\u00bb1\/2&#8243; css=\u00bb.vc_custom_1568737196502{background-position: center !important;background-repeat: no-repeat !important;background-size: cover !important;}\u00bb][vc_images_carousel images=\u00bb735&#8243; img_size=\u00bbfull\u00bb speed=\u00bb3000&#8243; autoplay=\u00bbyes\u00bb hide_prev_next_buttons=\u00bbyes\u00bb wrap=\u00bbyes\u00bb][\/vc_column][\/vc_row][vc_row full_width=\u00bbstretch_row_content_no_spaces\u00bb el_class=\u00bbhidden\u00bb][vc_column width=\u00bb1\/2&#8243; css=\u00bb.vc_custom_1568737196502{background-position: center !important;background-repeat: no-repeat !important;background-size: cover !important;}\u00bb][vc_images_carousel images=\u00bb733&#8243; img_size=\u00bbfull\u00bb speed=\u00bb3000&#8243; autoplay=\u00bbyes\u00bb hide_prev_next_buttons=\u00bbyes\u00bb wrap=\u00bbyes\u00bb][\/vc_column][vc_column width=\u00bb1\/2&#8243; el_class=\u00bbtextoder\u00bb][nur_section_heading decoration=\u00bbline\u00bb el_class=\u00bbml-0&#8243;]<\/p>\n<h2>Conexi\u00f3n a red para venta de electricidad de 90 kw en nave industrial, en Orgaz (Toledo)<\/h2>\n<p>[\/nur_section_heading][\/vc_column][\/vc_row][vc_row full_width=\u00bbstretch_row_content_no_spaces\u00bb el_class=\u00bbhidden\u00bb][vc_column width=\u00bb1\/2&#8243; el_class=\u00bbtextoder\u00bb][nur_section_heading decoration=\u00bbline\u00bb el_class=\u00bbml-0&#8243;]<\/p>\n<h2>Bombeo solar directo para el riego de 2500 almendros en sonseca. La instalaci\u00f3n lleva adem\u00e1s un sistema aislado de suministro de energ\u00eda con bater\u00edas para los servicios adicionales del bombeo.<\/h2>\n<p>[\/nur_section_heading][\/vc_column][vc_column width=\u00bb1\/2&#8243; css=\u00bb.vc_custom_1568737196502{background-position: center !important;background-repeat: no-repeat !important;background-size: cover !important;}\u00bb][vc_images_carousel images=\u00bb734&#8243; img_size=\u00bbfull\u00bb speed=\u00bb3000&#8243; autoplay=\u00bbyes\u00bb hide_prev_next_buttons=\u00bbyes\u00bb wrap=\u00bbyes\u00bb][\/vc_column][\/vc_row]<\/p>\n<\/section>","protected":false},"excerpt":{"rendered":"<p>[vc_row full_width=\u00bbstretch_row_content_no_spaces\u00bb][vc_column width=\u00bb1\/2&#8243; el_class=\u00bbtextoder\u00bb][nur_section_heading decoration=\u00bbline\u00bb el_class=\u00bbml-0&#8243;] Sistema aislado con bater\u00edas en Cementera en Villasequilla de Yepes (Toledo) [\/nur_section_heading][\/vc_column][vc_column width=\u00bb1\/2&#8243; css=\u00bb.vc_custom_1568737196502{background-position: center !important;background-repeat: no-repeat !important;background-size: cover !important;}\u00bb][vc_images_carousel images=\u00bb1228,1229,1230,1232&#8243; img_size=\u00bbfull\u00bb speed=\u00bb3000&#8243; autoplay=\u00bbyes\u00bb wrap=\u00bbyes\u00bb][\/vc_column][\/vc_row][vc_row css=\u00bb.vc_custom_1671735228455{margin-top: 20px !important;margin-bottom: 20px !important;}\u00bb][vc_column][vc_column_text] [\/vc_column_text][\/vc_column][\/vc_row][vc_row full_width=\u00bbstretch_row_content_no_spaces\u00bb][vc_column width=\u00bb1\/2&#8243;][vc_images_carousel images=\u00bb900,706,705,899&#8243; img_size=\u00bbfull\u00bb speed=\u00bb3000&#8243; autoplay=\u00bbyes\u00bb wrap=\u00bbyes\u00bb][\/vc_column][vc_column width=\u00bb1\/2&#8243; el_class=\u00bbtextoizq\u00bb][nur_section_heading decoration=\u00bbline\u00bb el_class=\u00bbml-0&#8243;] Autoconsumo 24,6 kw en Restaurante la Higuera [&hellip;]<\/p>\n","protected":false},"author":6,"featured_media":0,"parent":0,"menu_order":0,"comment_status":"closed","ping_status":"closed","template":"","meta":{"footnotes":""},"class_list":["post-353","page","type-page","status-publish","hentry"],"yoast_head":"<!-- This site is optimized with the Yoast SEO plugin v20.8 - https:\/\/yoast.com\/wordpress\/plugins\/seo\/ -->\n<title>Obras - Bega Solar Energ\u00edas Renovables - Nuestras obras m\u00e1s representativas<\/title>\n<meta name=\"description\" content=\"Obras solares. Aqu\u00ed podr\u00e1s ver algunos ejemplos de instalaciones de paneles solares realizados por nosotros. Realizamos todo tipo de instalaciones\" \/>\n<meta name=\"robots\" content=\"noindex, follow, max-snippet:-1, max-image-preview:large, max-video-preview:-1\" \/>\n<meta property=\"og:locale\" content=\"es_ES\" \/>\n<meta property=\"og:type\" content=\"article\" \/>\n<meta property=\"og:title\" content=\"Obras - Bega Solar Energ\u00edas Renovables - Nuestras obras m\u00e1s representativas\" \/>\n<meta property=\"og:description\" content=\"Obras solares. Aqu\u00ed podr\u00e1s ver algunos ejemplos de instalaciones de paneles solares realizados por nosotros. Realizamos todo tipo de instalaciones\" \/>\n<meta property=\"og:url\" content=\"https:\/\/www.electronicabega.com\/energia-solar\/obras\/\" \/>\n<meta property=\"og:site_name\" content=\"Bega Solar Energ\u00edas Renovables\" \/>\n<meta property=\"article:modified_time\" content=\"2022-12-22T18:56:21+00:00\" \/>\n<meta property=\"og:image\" content=\"https:\/\/www.electronicabega.com\/energia-solar\/wp-content\/uploads\/2022\/12\/separador.png\" \/>\n<meta name=\"twitter:card\" content=\"summary_large_image\" \/>\n<meta name=\"twitter:label1\" content=\"Tiempo de lectura\" \/>\n\t<meta name=\"twitter:data1\" content=\"4 minutos\" \/>\n<script type=\"application\/ld+json\" class=\"yoast-schema-graph\">{\"@context\":\"https:\/\/schema.org\",\"@graph\":[{\"@type\":\"WebPage\",\"@id\":\"https:\/\/www.electronicabega.com\/energia-solar\/obras\/\",\"url\":\"https:\/\/www.electronicabega.com\/energia-solar\/obras\/\",\"name\":\"Obras - Bega Solar Energ\u00edas Renovables - Nuestras obras m\u00e1s representativas\",\"isPartOf\":{\"@id\":\"https:\/\/www.electronicabega.com\/energia-solar\/#website\"},\"datePublished\":\"2017-10-28T23:42:55+00:00\",\"dateModified\":\"2022-12-22T18:56:21+00:00\",\"description\":\"Obras solares. Aqu\u00ed podr\u00e1s ver algunos ejemplos de instalaciones de paneles solares realizados por nosotros. Realizamos todo tipo de instalaciones\",\"breadcrumb\":{\"@id\":\"https:\/\/www.electronicabega.com\/energia-solar\/obras\/#breadcrumb\"},\"inLanguage\":\"es\",\"potentialAction\":[{\"@type\":\"ReadAction\",\"target\":[\"https:\/\/www.electronicabega.com\/energia-solar\/obras\/\"]}]},{\"@type\":\"BreadcrumbList\",\"@id\":\"https:\/\/www.electronicabega.com\/energia-solar\/obras\/#breadcrumb\",\"itemListElement\":[{\"@type\":\"ListItem\",\"position\":1,\"name\":\"Portada\",\"item\":\"https:\/\/www.electronicabega.com\/energia-solar\/\"},{\"@type\":\"ListItem\",\"position\":2,\"name\":\"Obras\"}]},{\"@type\":\"WebSite\",\"@id\":\"https:\/\/www.electronicabega.com\/energia-solar\/#website\",\"url\":\"https:\/\/www.electronicabega.com\/energia-solar\/\",\"name\":\"Bega Solar Energ\u00edas Renovables\",\"description\":\"Bega Solar, especialistas en generaci\u00f3n de electricidad renovable\",\"publisher\":{\"@id\":\"https:\/\/www.electronicabega.com\/energia-solar\/#organization\"},\"potentialAction\":[{\"@type\":\"SearchAction\",\"target\":{\"@type\":\"EntryPoint\",\"urlTemplate\":\"https:\/\/www.electronicabega.com\/energia-solar\/?s={search_term_string}\"},\"query-input\":\"required name=search_term_string\"}],\"inLanguage\":\"es\"},{\"@type\":\"Organization\",\"@id\":\"https:\/\/www.electronicabega.com\/energia-solar\/#organization\",\"name\":\"Bega Solar Energ\u00edas Renovables\",\"url\":\"https:\/\/www.electronicabega.com\/energia-solar\/\",\"logo\":{\"@type\":\"ImageObject\",\"inLanguage\":\"es\",\"@id\":\"https:\/\/www.electronicabega.com\/energia-solar\/#\/schema\/logo\/image\/\",\"url\":\"https:\/\/www.electronicabega.com\/energia-solar\/wp-content\/uploads\/2022\/12\/cropped-Logo-Begasolar.png\",\"contentUrl\":\"https:\/\/www.electronicabega.com\/energia-solar\/wp-content\/uploads\/2022\/12\/cropped-Logo-Begasolar.png\",\"width\":448,\"height\":182,\"caption\":\"Bega Solar Energ\u00edas Renovables\"},\"image\":{\"@id\":\"https:\/\/www.electronicabega.com\/energia-solar\/#\/schema\/logo\/image\/\"}}]}<\/script>\n<!-- \/ Yoast SEO plugin. -->","yoast_head_json":{"title":"Obras - Bega Solar Energ\u00edas Renovables - Nuestras obras m\u00e1s representativas","description":"Obras solares. Aqu\u00ed podr\u00e1s ver algunos ejemplos de instalaciones de paneles solares realizados por nosotros. Realizamos todo tipo de instalaciones","robots":{"index":"noindex","follow":"follow","max-snippet":"max-snippet:-1","max-image-preview":"max-image-preview:large","max-video-preview":"max-video-preview:-1"},"og_locale":"es_ES","og_type":"article","og_title":"Obras - Bega Solar Energ\u00edas Renovables - Nuestras obras m\u00e1s representativas","og_description":"Obras solares. Aqu\u00ed podr\u00e1s ver algunos ejemplos de instalaciones de paneles solares realizados por nosotros. Realizamos todo tipo de instalaciones","og_url":"https:\/\/www.electronicabega.com\/energia-solar\/obras\/","og_site_name":"Bega Solar Energ\u00edas Renovables","article_modified_time":"2022-12-22T18:56:21+00:00","og_image":[{"url":"https:\/\/www.electronicabega.com\/energia-solar\/wp-content\/uploads\/2022\/12\/separador.png"}],"twitter_card":"summary_large_image","twitter_misc":{"Tiempo de lectura":"4 minutos"},"schema":{"@context":"https:\/\/schema.org","@graph":[{"@type":"WebPage","@id":"https:\/\/www.electronicabega.com\/energia-solar\/obras\/","url":"https:\/\/www.electronicabega.com\/energia-solar\/obras\/","name":"Obras - Bega Solar Energ\u00edas Renovables - Nuestras obras m\u00e1s representativas","isPartOf":{"@id":"https:\/\/www.electronicabega.com\/energia-solar\/#website"},"datePublished":"2017-10-28T23:42:55+00:00","dateModified":"2022-12-22T18:56:21+00:00","description":"Obras solares. Aqu\u00ed podr\u00e1s ver algunos ejemplos de instalaciones de paneles solares realizados por nosotros. Realizamos todo tipo de instalaciones","breadcrumb":{"@id":"https:\/\/www.electronicabega.com\/energia-solar\/obras\/#breadcrumb"},"inLanguage":"es","potentialAction":[{"@type":"ReadAction","target":["https:\/\/www.electronicabega.com\/energia-solar\/obras\/"]}]},{"@type":"BreadcrumbList","@id":"https:\/\/www.electronicabega.com\/energia-solar\/obras\/#breadcrumb","itemListElement":[{"@type":"ListItem","position":1,"name":"Portada","item":"https:\/\/www.electronicabega.com\/energia-solar\/"},{"@type":"ListItem","position":2,"name":"Obras"}]},{"@type":"WebSite","@id":"https:\/\/www.electronicabega.com\/energia-solar\/#website","url":"https:\/\/www.electronicabega.com\/energia-solar\/","name":"Bega Solar Energ\u00edas Renovables","description":"Bega Solar, especialistas en generaci\u00f3n de electricidad renovable","publisher":{"@id":"https:\/\/www.electronicabega.com\/energia-solar\/#organization"},"potentialAction":[{"@type":"SearchAction","target":{"@type":"EntryPoint","urlTemplate":"https:\/\/www.electronicabega.com\/energia-solar\/?s={search_term_string}"},"query-input":"required name=search_term_string"}],"inLanguage":"es"},{"@type":"Organization","@id":"https:\/\/www.electronicabega.com\/energia-solar\/#organization","name":"Bega Solar Energ\u00edas Renovables","url":"https:\/\/www.electronicabega.com\/energia-solar\/","logo":{"@type":"ImageObject","inLanguage":"es","@id":"https:\/\/www.electronicabega.com\/energia-solar\/#\/schema\/logo\/image\/","url":"https:\/\/www.electronicabega.com\/energia-solar\/wp-content\/uploads\/2022\/12\/cropped-Logo-Begasolar.png","contentUrl":"https:\/\/www.electronicabega.com\/energia-solar\/wp-content\/uploads\/2022\/12\/cropped-Logo-Begasolar.png","width":448,"height":182,"caption":"Bega Solar Energ\u00edas Renovables"},"image":{"@id":"https:\/\/www.electronicabega.com\/energia-solar\/#\/schema\/logo\/image\/"}}]}},"_links":{"self":[{"href":"https:\/\/www.electronicabega.com\/energia-solar\/wp-json\/wp\/v2\/pages\/353","targetHints":{"allow":["GET"]}}],"collection":[{"href":"https:\/\/www.electronicabega.com\/energia-solar\/wp-json\/wp\/v2\/pages"}],"about":[{"href":"https:\/\/www.electronicabega.com\/energia-solar\/wp-json\/wp\/v2\/types\/page"}],"author":[{"embeddable":true,"href":"https:\/\/www.electronicabega.com\/energia-solar\/wp-json\/wp\/v2\/users\/6"}],"replies":[{"embeddable":true,"href":"https:\/\/www.electronicabega.com\/energia-solar\/wp-json\/wp\/v2\/comments?post=353"}],"version-history":[{"count":51,"href":"https:\/\/www.electronicabega.com\/energia-solar\/wp-json\/wp\/v2\/pages\/353\/revisions"}],"predecessor-version":[{"id":1331,"href":"https:\/\/www.electronicabega.com\/energia-solar\/wp-json\/wp\/v2\/pages\/353\/revisions\/1331"}],"wp:attachment":[{"href":"https:\/\/www.electronicabega.com\/energia-solar\/wp-json\/wp\/v2\/media?parent=353"}],"curies":[{"name":"wp","href":"https:\/\/api.w.org\/{rel}","templated":true}]}}