{"id":548,"date":"2017-09-30T09:51:40","date_gmt":"2017-09-30T09:51:40","guid":{"rendered":"https:\/\/import.brothersthemes.com\/nur\/?page_id=6"},"modified":"2023-04-04T13:18:55","modified_gmt":"2023-04-04T11:18:55","slug":"inicio","status":"publish","type":"page","link":"https:\/\/www.electronicabega.com\/energia-solar\/","title":{"rendered":"Bega Solar"},"content":{"rendered":"<section class=\"wpb-content-wrapper\"><p>[vc_row full_width=\u00bbstretch_row_content_no_spaces\u00bb][vc_column css=\u00bb.vc_custom_1675976668670{margin-top: 80px !important;}\u00bb][vc_row_inner][vc_column_inner el_class=\u00bbdiv-header-prin\u00bb][vc_column_text]<\/p>\n<h2 class=\"h2-square h2-big\" style=\"text-align: center;\">Te damos la bienvenida a la energ\u00eda del futuro<\/h2>\n<p>[\/vc_column_text][\/vc_column_inner][\/vc_row_inner][\/vc_column][\/vc_row][vc_row full_width=\u00bbstretch_row_content_no_spaces\u00bb][vc_column][rev_slider_vc alias=\u00bbhome-slider-1-1&#8243;][\/vc_column][\/vc_row][vc_section css=\u00bb.vc_custom_1504726400091{padding-top: 80px !important;}\u00bb][\/vc_section][vc_row][vc_column][vc_column_text]<\/p>\n<p class=\"destacado\" style=\"text-align: center;\">En <strong>BEGA\u00a0SOLAR<\/strong> somos especialistas desde hace 20 a\u00f1os en Generaci\u00f3n Renovable.<\/p>\n<p class=\"destacado\" style=\"text-align: center;\">Con nuestros sistemas reducir\u00e1s lo que quieras el consumo el\u00e9ctrico de la red y podr\u00e1s bajar el t\u00e9rmino de potencia contratada.<\/p>\n<p>&nbsp;<\/p>\n<p style=\"text-align: center;\"><img loading=\"lazy\" decoding=\"async\" class=\"alignnone size-full wp-image-1296\" src=\"https:\/\/www.electronicabega.com\/energia-solar\/wp-content\/uploads\/2022\/12\/separador.png\" alt=\"\" width=\"150\" height=\"60\" srcset=\"https:\/\/www.electronicabega.com\/energia-solar\/wp-content\/uploads\/2022\/12\/separador.png 150w, https:\/\/www.electronicabega.com\/energia-solar\/wp-content\/uploads\/2022\/12\/separador-133x53.png 133w\" sizes=\"auto, (max-width: 150px) 100vw, 150px\" \/><\/p>\n<p>[\/vc_column_text][\/vc_column][\/vc_row][vc_row full_width=\u00bbstretch_row_content_no_spaces\u00bb css=\u00bb.vc_custom_1671620275586{margin-top: 20px !important;margin-bottom: 60px !important;}\u00bb][vc_column][vc_column_text]<\/p>\n<h2 class=\"h2-square\" style=\"text-align: center;\">Solo hacemos instalaciones de alta calidad para que duren toda la vida<\/h2>\n<p>[\/vc_column_text][vc_single_image image=\u00bb1495&#8243; img_size=\u00bb1920&#215;600&#8243;][\/vc_column][\/vc_row][vc_row equal_height=\u00bbyes\u00bb css=\u00bb.vc_custom_1671785792481{margin-top: 60px !important;padding-right: 40px !important;padding-left: 40px !important;}\u00bb][vc_column width=\u00bb1\/2&#8243;][nur_section_heading decoration=\u00bbline\u00bb el_class=\u00bbtitulosinicio\u00bb]<\/p>\n<h2 style=\"text-align: center;\">\u00bfC\u00f3mo funcionan nuestros sistemas sin acumulaci\u00f3n?<\/h2>\n<p>[\/nur_section_heading][vc_column_text el_class=\u00bbp-altura\u00bb]La energ\u00eda generada por los paneles fotovoltaicos se consume seg\u00fan se produce. Si tienes excedentes, te puedes acoger a la <a href=\"https:\/\/www.electronicabega.com\/energia-solar\/informacion-tecnica\/\" target=\"_blank\" rel=\"noopener\">Compensaci\u00f3n de Excedentes<\/a>. \u00a0\u00a0Adem\u00e1s te ofrecemos la <a href=\"https:\/\/www.electronicabega.com\/energia-solar\/informacion-tecnica\/\" target=\"_blank\" rel=\"noopener\">Bater\u00eda virtual<\/a> por la cual la energ\u00eda que ya no puedas compensar se puede almacenar virtualmente y usarla cuando quieras.<\/p>\n<p><a href=\"https:\/\/www.electronicabega.com\/energia-solar\/wp-content\/uploads\/2019\/11\/sistema-sin-acumulacion.jpg\"><img loading=\"lazy\" decoding=\"async\" class=\"aligncenter wp-image-988 size-full\" src=\"https:\/\/www.electronicabega.com\/energia-solar\/wp-content\/uploads\/2019\/11\/sistema-sin-acumulacion.jpg\" alt=\"sistema sin acumulaci\u00f3n\" width=\"1604\" height=\"770\" srcset=\"https:\/\/www.electronicabega.com\/energia-solar\/wp-content\/uploads\/2019\/11\/sistema-sin-acumulacion.jpg 1604w, https:\/\/www.electronicabega.com\/energia-solar\/wp-content\/uploads\/2019\/11\/sistema-sin-acumulacion-300x144.jpg 300w, https:\/\/www.electronicabega.com\/energia-solar\/wp-content\/uploads\/2019\/11\/sistema-sin-acumulacion-768x369.jpg 768w, https:\/\/www.electronicabega.com\/energia-solar\/wp-content\/uploads\/2019\/11\/sistema-sin-acumulacion-1024x492.jpg 1024w, https:\/\/www.electronicabega.com\/energia-solar\/wp-content\/uploads\/2019\/11\/sistema-sin-acumulacion-133x64.jpg 133w, https:\/\/www.electronicabega.com\/energia-solar\/wp-content\/uploads\/2019\/11\/sistema-sin-acumulacion-235x113.jpg 235w, https:\/\/www.electronicabega.com\/energia-solar\/wp-content\/uploads\/2019\/11\/sistema-sin-acumulacion-480x230.jpg 480w, https:\/\/www.electronicabega.com\/energia-solar\/wp-content\/uploads\/2019\/11\/sistema-sin-acumulacion-740x355.jpg 740w, https:\/\/www.electronicabega.com\/energia-solar\/wp-content\/uploads\/2019\/11\/sistema-sin-acumulacion-1520x730.jpg 1520w\" sizes=\"auto, (max-width: 1604px) 100vw, 1604px\" \/><\/a><\/p>\n<p>&nbsp;<\/p>\n<p><a href=\"https:\/\/www.electronicabega.com\/energia-solar\/wp-content\/uploads\/2022\/12\/calculo-excedentes-fotovoltaicos-02.jpg\"><img loading=\"lazy\" decoding=\"async\" class=\"aligncenter wp-image-1393 size-full\" src=\"https:\/\/www.electronicabega.com\/energia-solar\/wp-content\/uploads\/2022\/12\/calculo-excedentes-fotovoltaicos-02.jpg\" alt=\"\" width=\"842\" height=\"361\" \/><\/a>[\/vc_column_text][vc_empty_space][\/vc_column][vc_column width=\u00bb1\/2&#8243;][nur_section_heading decoration=\u00bbline\u00bb el_class=\u00bbtitulosinicio\u00bb]<\/p>\n<h2 style=\"text-align: center;\">\u00bfC\u00f3mo funcionan nuestros sistemas con acumulaci\u00f3n?<\/h2>\n<p>[\/nur_section_heading][vc_column_text el_class=\u00bbp-altura\u00bb]La energ\u00eda generada por los paneles fotovoltaicos se consume seg\u00fan se produce. Si tienes excedentes, te puedes acoger a la <a href=\"https:\/\/www.electronicabega.com\/energia-solar\/informacion-tecnica\/\" target=\"_blank\" rel=\"noopener\">Compensaci\u00f3n de Excedentes<\/a>. \u00a0\u00a0Adem\u00e1s te ofrecemos la <a href=\"https:\/\/www.electronicabega.com\/energia-solar\/informacion-tecnica\/\" target=\"_blank\" rel=\"noopener\">Bater\u00eda virtual<\/a> por la cual la energ\u00eda que ya no puedas compensar se puede almacenar virtualmente y usarla cuando quieras.<\/p>\n<p><a href=\"https:\/\/www.electronicabega.com\/energia-solar\/wp-content\/uploads\/2019\/11\/sistema-com-acumulacion.jpg\"><img loading=\"lazy\" decoding=\"async\" class=\"aligncenter wp-image-989 size-full\" src=\"https:\/\/www.electronicabega.com\/energia-solar\/wp-content\/uploads\/2019\/11\/sistema-com-acumulacion.jpg\" alt=\"sistema con acumulaci\u00f3n\" width=\"1604\" height=\"770\" srcset=\"https:\/\/www.electronicabega.com\/energia-solar\/wp-content\/uploads\/2019\/11\/sistema-com-acumulacion.jpg 1604w, https:\/\/www.electronicabega.com\/energia-solar\/wp-content\/uploads\/2019\/11\/sistema-com-acumulacion-300x144.jpg 300w, https:\/\/www.electronicabega.com\/energia-solar\/wp-content\/uploads\/2019\/11\/sistema-com-acumulacion-768x369.jpg 768w, https:\/\/www.electronicabega.com\/energia-solar\/wp-content\/uploads\/2019\/11\/sistema-com-acumulacion-1024x492.jpg 1024w, https:\/\/www.electronicabega.com\/energia-solar\/wp-content\/uploads\/2019\/11\/sistema-com-acumulacion-133x64.jpg 133w, https:\/\/www.electronicabega.com\/energia-solar\/wp-content\/uploads\/2019\/11\/sistema-com-acumulacion-235x113.jpg 235w, https:\/\/www.electronicabega.com\/energia-solar\/wp-content\/uploads\/2019\/11\/sistema-com-acumulacion-480x230.jpg 480w, https:\/\/www.electronicabega.com\/energia-solar\/wp-content\/uploads\/2019\/11\/sistema-com-acumulacion-740x355.jpg 740w, https:\/\/www.electronicabega.com\/energia-solar\/wp-content\/uploads\/2019\/11\/sistema-com-acumulacion-1520x730.jpg 1520w\" sizes=\"auto, (max-width: 1604px) 100vw, 1604px\" \/><\/a><\/p>\n<p>&nbsp;<\/p>\n<p><a href=\"https:\/\/www.electronicabega.com\/energia-solar\/wp-content\/uploads\/2022\/12\/calculo-excedentes-fotovoltaicos.jpg\"><img loading=\"lazy\" decoding=\"async\" class=\"aligncenter wp-image-1392 size-full\" src=\"https:\/\/www.electronicabega.com\/energia-solar\/wp-content\/uploads\/2022\/12\/calculo-excedentes-fotovoltaicos.jpg\" alt=\"\" width=\"842\" height=\"361\" \/><\/a>[\/vc_column_text][vc_empty_space][\/vc_column][\/vc_row][vc_row full_width=\u00bbstretch_row_content_no_spaces\u00bb css=\u00bb.vc_custom_1671543856146{margin-top: 60px !important;background-color: #f9f9f9 !important;}\u00bb][vc_column][nur_image_section image_id=\u00bb998&#8243;][nur_section_heading decoration=\u00bbline\u00bb el_class=\u00bbml-md-0 text-center text-md-left\u00bb]<\/p>\n<h2>Tu energ\u00eda inteligente<\/h2>\n<p>Todas nuestras instalaciones van monitorizadas para que puedas controlar las producciones, consumos y ahorros desde cualquier lugar mediante ordenador, tablet o smartphone.<br \/>\n<a href=\"https:\/\/www.electronicabega.com\/energia-solar\/wp-content\/uploads\/2019\/11\/grafico-placa-solar.jpg\"><img loading=\"lazy\" decoding=\"async\" class=\"foobox alignnone wp-image-993 size-full\" src=\"https:\/\/www.electronicabega.com\/energia-solar\/wp-content\/uploads\/2019\/11\/grafico-placa-solar.jpg\" alt=\"gr\u00e1fico placa solar\" width=\"618\" height=\"348\" srcset=\"https:\/\/www.electronicabega.com\/energia-solar\/wp-content\/uploads\/2019\/11\/grafico-placa-solar.jpg 618w, https:\/\/www.electronicabega.com\/energia-solar\/wp-content\/uploads\/2019\/11\/grafico-placa-solar-300x169.jpg 300w, https:\/\/www.electronicabega.com\/energia-solar\/wp-content\/uploads\/2019\/11\/grafico-placa-solar-133x75.jpg 133w, https:\/\/www.electronicabega.com\/energia-solar\/wp-content\/uploads\/2019\/11\/grafico-placa-solar-235x132.jpg 235w, https:\/\/www.electronicabega.com\/energia-solar\/wp-content\/uploads\/2019\/11\/grafico-placa-solar-480x270.jpg 480w\" sizes=\"auto, (max-width: 618px) 100vw, 618px\" \/><\/a><\/p>\n<p>&nbsp;[\/nur_section_heading][vc_single_image image=\u00bb998&#8243; img_size=\u00bbfull\u00bb el_class=\u00bbimagenmo\u00bb][\/nur_image_section][\/vc_column][\/vc_row][vc_row css=\u00bb.vc_custom_1671551940764{border-top-width: 1px !important;border-top-color: #e0e0e0 !important;border-top-style: solid !important;}\u00bb][vc_column][nur_image_section layout=\u00bbcover-image content-right\u00bb image_id=\u00bb633&#8243;][nur_section_heading decoration=\u00bbline\u00bb el_class=\u00bbml-md-0 text-center text-md-left\u00bb]<\/p>\n<h2 class=\"titulosinicio\">Ofrecemos energ\u00eda renovable sin l\u00edmites a particulares, empresas, ayuntamientos y comunidades<\/h2>\n<p>Nos encargamos de cada fase del proyecto<\/p>\n<ul>\n<li>Fase 1: Analizamos las necesidades energ\u00e9ticas e identificamos el ahorro potencial<\/li>\n<li>Fase 2: Elaboramos el proyecto de autoconsumo a medida<\/li>\n<li>Fase 3: Construimos la instalaci\u00f3n<\/li>\n<li>Fase 4: La ponemos en marcha<\/li>\n<\/ul>\n<h3>Adem\u00e1s<\/h3>\n<ul>\n<li><a href=\"https:\/\/www.electronicabega.com\/energia-solar\/informacion-administrativa\/\">Tramitamos permisos y legalizamos<\/a>.<\/li>\n<li>Tramitamos la solicitud de <a href=\"https:\/\/www.electronicabega.com\/energia-solar\/informacion-administrativa\/\">subvenciones<\/a> y te informamos de las <a href=\"https:\/\/www.electronicabega.com\/energia-solar\/informacion-administrativa\/\">deducciones fiscales<\/a> a las que te puedes acoger<\/li>\n<li>Si quieres te ayudamos a conseguir financiaci\u00f3n para que la propia instalaci\u00f3n pague la inversi\u00f3n con el ahorro que genera. Condiciones de financiaci\u00f3n.<\/li>\n<li>Realizamos el mantenimiento integral de la instalaci\u00f3n.<\/li>\n<li>Te ofrecemos la <a href=\"https:\/\/www.electronicabega.com\/energia-solar\/informacion-tecnica\/\">bater\u00eda virtual<\/a>, para que los excedentes que superen la compensaci\u00f3n, los puedas recuperar cuando los necesites.<\/li>\n<\/ul>\n<p>[\/nur_section_heading][vc_column_text]<\/p>\n<p style=\"text-align: center;\"><a class=\"btn btn-primary\" href=\"https:\/\/www.electronicabega.com\/energia-solar\/contacto\/\">Cuentanos tu caso<\/a><\/p>\n<p>[\/vc_column_text][\/nur_image_section][\/vc_column][\/vc_row][vc_row css=\u00bb.vc_custom_1671551940764{border-top-width: 1px !important;border-top-color: #e0e0e0 !important;border-top-style: solid !important;}\u00bb][vc_column][nur_image_section image_id=\u00bb738&#8243;][nur_section_heading decoration=\u00bbline\u00bb]Todas nuestras instalaciones tienen un nivel de Calidad muy alto, para que puedas disfrutar al m\u00e1ximo de la instalaci\u00f3n.<\/p>\n<p>En materia de prevenci\u00f3n de riesgos, contamos con la colaboraci\u00f3n de nuestro Servicio de Prevenci\u00f3n, y no empezamos una obra que no tenga tramitado el <a href=\"https:\/\/www.electronicabega.com\/energia-solar\/informacion-administrativa\/\">Plan de Seguridad o la Evaluaci\u00f3n Espec\u00edfica de Riesgos<\/a>.[\/nur_section_heading][\/nur_image_section][\/vc_column][\/vc_row][vc_section css=\u00bb.vc_custom_1671543886474{margin-top: 60px !important;margin-bottom: 60px !important;}\u00bb][vc_row disable_element=\u00bbyes\u00bb][vc_column][nur_section_heading decoration=\u00bbline\u00bb]<\/p>\n<h2 style=\"text-align: center;\">Blog<\/h2>\n<p>[\/nur_section_heading][nur_recent_posts][\/vc_column][\/vc_row][vc_row][vc_column][vc_single_image image=\u00bb1296&#8243; img_size=\u00bb\u00bb alignment=\u00bbcenter\u00bb][\/vc_column][\/vc_row][\/vc_section][vc_row css=\u00bb.vc_custom_1671618736274{margin-top: 0px !important;margin-bottom: 0px !important;}\u00bb][vc_column][nur_section_heading decoration=\u00bbline\u00bb el_class=\u00bbcenter\u00bb]<\/p>\n<h2 style=\"text-align: center;\">Nuestras marcas<\/h2>\n<p class=\"p-resaltado\" style=\"text-align: center;\">Somos instaladores oficiales de <a href=\"https:\/\/www.sfe-solar.com\/paneles-solares\/sunpower\/\">SUNPOWER<\/a><\/p>\n<p>[\/nur_section_heading][vc_empty_space][vc_images_carousel images=\u00bb864,854,863,855,862,1504,1505,856&#8243; img_size=\u00bbfull\u00bb onclick=\u00bbcustom_link\u00bb custom_links_target=\u00bb_blank\u00bb speed=\u00bb2000&#8243; slides_per_view=\u00bb4&#8243; autoplay=\u00bbyes\u00bb hide_pagination_control=\u00bbyes\u00bb wrap=\u00bbyes\u00bb css_animation=\u00bbfadeIn\u00bb custom_links=\u00bb#E-8_aHR0cHMlM0ElMkYlMkZ3d3cuc2ZlLXNvbGFyLmNvbSUyRnBhbmVsZXMtc29sYXJlcyUyRnN1bnBvd2VyJTJGJTJDaHR0cHMlM0ElMkYlMkZ3d3cuY2FuYWRpYW5zb2xhci5jb20lMkYlMkNodHRwcyUzQSUyRiUyRnd3dy5zb2xhcmVkZ2UuY29tJTJGJTJDaHR0cHMlM0ElMkYlMkZ3d3cuZnJvbml1cy5jb20lMkZlcy1lcyUyRnNwYWluJTJGZW5lcmdpYS1zb2xhciUyQ2h0dHBzJTNBJTJGJTJGd3d3LnNtYS1pYmVyaWNhLmNvbSUyRiUyQ2h0dHBzJTNBJTJGJTJGc3BhLnN1bmdyb3dwb3dlci5jb20lMkYlMkNodHRwcyUzQSUyRiUyRmVucGhhc2UuY29tJTJGZXMtZXMlMkNodHRwcyUzQSUyRiUyRnNvbGFyLmh1YXdlaS5jb20lMkZldSUyRg==\u00bb][\/vc_column][\/vc_row]<\/p>\n<\/section>","protected":false},"excerpt":{"rendered":"<p>[vc_row full_width=\u00bbstretch_row_content_no_spaces\u00bb][vc_column css=\u00bb.vc_custom_1675976668670{margin-top: 80px !important;}\u00bb][vc_row_inner][vc_column_inner el_class=\u00bbdiv-header-prin\u00bb][vc_column_text] Te damos la bienvenida a la energ\u00eda del futuro [\/vc_column_text][\/vc_column_inner][\/vc_row_inner][\/vc_column][\/vc_row][vc_row full_width=\u00bbstretch_row_content_no_spaces\u00bb][vc_column][rev_slider_vc alias=\u00bbhome-slider-1-1&#8243;][\/vc_column][\/vc_row][vc_section css=\u00bb.vc_custom_1504726400091{padding-top: 80px !important;}\u00bb][\/vc_section][vc_row][vc_column][vc_column_text] En BEGA\u00a0SOLAR somos especialistas desde hace 20 a\u00f1os en Generaci\u00f3n Renovable. Con nuestros sistemas reducir\u00e1s lo que quieras el consumo el\u00e9ctrico de la red y podr\u00e1s bajar el t\u00e9rmino de potencia contratada. &nbsp; [\/vc_column_text][\/vc_column][\/vc_row][vc_row [&hellip;]<\/p>\n","protected":false},"author":6,"featured_media":0,"parent":0,"menu_order":0,"comment_status":"closed","ping_status":"closed","template":"","meta":{"footnotes":""},"class_list":["post-548","page","type-page","status-publish","hentry"],"yoast_head":"<!-- This site is optimized with the Yoast SEO plugin v20.8 - https:\/\/yoast.com\/wordpress\/plugins\/seo\/ -->\n<title>Bega Solar - Energ\u00eda Solar - Autoconsumo las 24h<\/title>\n<meta name=\"description\" content=\"Energ\u00eda solar. El autoconsumo con energ\u00eda solar las 24h ya es posible. Imagina que tu hogar o negocio produce suficiente energ\u00eda y no tiene que preocuparse\" \/>\n<meta name=\"robots\" content=\"noindex, follow, max-snippet:-1, max-image-preview:large, max-video-preview:-1\" \/>\n<meta property=\"og:locale\" content=\"es_ES\" \/>\n<meta property=\"og:type\" content=\"article\" \/>\n<meta property=\"og:title\" content=\"Bega Solar - Energ\u00eda Solar - Autoconsumo las 24h\" \/>\n<meta property=\"og:description\" content=\"Energ\u00eda solar. El autoconsumo con energ\u00eda solar las 24h ya es posible. Imagina que tu hogar o negocio produce suficiente energ\u00eda y no tiene que preocuparse\" \/>\n<meta property=\"og:url\" content=\"https:\/\/www.electronicabega.com\/energia-solar\/\" \/>\n<meta property=\"og:site_name\" content=\"Bega Solar Energ\u00edas Renovables\" \/>\n<meta property=\"article:modified_time\" content=\"2023-04-04T11:18:55+00:00\" \/>\n<meta property=\"og:image\" content=\"https:\/\/www.electronicabega.com\/energia-solar\/wp-content\/uploads\/2022\/12\/separador.png\" \/>\n<meta name=\"twitter:card\" content=\"summary_large_image\" \/>\n<meta name=\"twitter:label1\" content=\"Tiempo de lectura\" \/>\n\t<meta name=\"twitter:data1\" content=\"4 minutos\" \/>\n<script type=\"application\/ld+json\" class=\"yoast-schema-graph\">{\"@context\":\"https:\/\/schema.org\",\"@graph\":[{\"@type\":\"WebPage\",\"@id\":\"https:\/\/www.electronicabega.com\/energia-solar\/\",\"url\":\"https:\/\/www.electronicabega.com\/energia-solar\/\",\"name\":\"Bega Solar - Energ\u00eda Solar - Autoconsumo las 24h\",\"isPartOf\":{\"@id\":\"https:\/\/www.electronicabega.com\/energia-solar\/#website\"},\"datePublished\":\"2017-09-30T09:51:40+00:00\",\"dateModified\":\"2023-04-04T11:18:55+00:00\",\"description\":\"Energ\u00eda solar. El autoconsumo con energ\u00eda solar las 24h ya es posible. Imagina que tu hogar o negocio produce suficiente energ\u00eda y no tiene que preocuparse\",\"breadcrumb\":{\"@id\":\"https:\/\/www.electronicabega.com\/energia-solar\/#breadcrumb\"},\"inLanguage\":\"es\",\"potentialAction\":[{\"@type\":\"ReadAction\",\"target\":[\"https:\/\/www.electronicabega.com\/energia-solar\/\"]}]},{\"@type\":\"BreadcrumbList\",\"@id\":\"https:\/\/www.electronicabega.com\/energia-solar\/#breadcrumb\",\"itemListElement\":[{\"@type\":\"ListItem\",\"position\":1,\"name\":\"Portada\",\"item\":\"https:\/\/www.electronicabega.com\/energia-solar\/\"},{\"@type\":\"ListItem\",\"position\":2,\"name\":\"Bega Solar\"}]},{\"@type\":\"WebSite\",\"@id\":\"https:\/\/www.electronicabega.com\/energia-solar\/#website\",\"url\":\"https:\/\/www.electronicabega.com\/energia-solar\/\",\"name\":\"Bega Solar Energ\u00edas Renovables\",\"description\":\"Bega Solar, especialistas en generaci\u00f3n de electricidad renovable\",\"publisher\":{\"@id\":\"https:\/\/www.electronicabega.com\/energia-solar\/#organization\"},\"potentialAction\":[{\"@type\":\"SearchAction\",\"target\":{\"@type\":\"EntryPoint\",\"urlTemplate\":\"https:\/\/www.electronicabega.com\/energia-solar\/?s={search_term_string}\"},\"query-input\":\"required name=search_term_string\"}],\"inLanguage\":\"es\"},{\"@type\":\"Organization\",\"@id\":\"https:\/\/www.electronicabega.com\/energia-solar\/#organization\",\"name\":\"Bega Solar Energ\u00edas Renovables\",\"url\":\"https:\/\/www.electronicabega.com\/energia-solar\/\",\"logo\":{\"@type\":\"ImageObject\",\"inLanguage\":\"es\",\"@id\":\"https:\/\/www.electronicabega.com\/energia-solar\/#\/schema\/logo\/image\/\",\"url\":\"https:\/\/www.electronicabega.com\/energia-solar\/wp-content\/uploads\/2022\/12\/cropped-Logo-Begasolar.png\",\"contentUrl\":\"https:\/\/www.electronicabega.com\/energia-solar\/wp-content\/uploads\/2022\/12\/cropped-Logo-Begasolar.png\",\"width\":448,\"height\":182,\"caption\":\"Bega Solar Energ\u00edas Renovables\"},\"image\":{\"@id\":\"https:\/\/www.electronicabega.com\/energia-solar\/#\/schema\/logo\/image\/\"}}]}<\/script>\n<!-- \/ Yoast SEO plugin. -->","yoast_head_json":{"title":"Bega Solar - Energ\u00eda Solar - Autoconsumo las 24h","description":"Energ\u00eda solar. El autoconsumo con energ\u00eda solar las 24h ya es posible. Imagina que tu hogar o negocio produce suficiente energ\u00eda y no tiene que preocuparse","robots":{"index":"noindex","follow":"follow","max-snippet":"max-snippet:-1","max-image-preview":"max-image-preview:large","max-video-preview":"max-video-preview:-1"},"og_locale":"es_ES","og_type":"article","og_title":"Bega Solar - Energ\u00eda Solar - Autoconsumo las 24h","og_description":"Energ\u00eda solar. El autoconsumo con energ\u00eda solar las 24h ya es posible. Imagina que tu hogar o negocio produce suficiente energ\u00eda y no tiene que preocuparse","og_url":"https:\/\/www.electronicabega.com\/energia-solar\/","og_site_name":"Bega Solar Energ\u00edas Renovables","article_modified_time":"2023-04-04T11:18:55+00:00","og_image":[{"url":"https:\/\/www.electronicabega.com\/energia-solar\/wp-content\/uploads\/2022\/12\/separador.png"}],"twitter_card":"summary_large_image","twitter_misc":{"Tiempo de lectura":"4 minutos"},"schema":{"@context":"https:\/\/schema.org","@graph":[{"@type":"WebPage","@id":"https:\/\/www.electronicabega.com\/energia-solar\/","url":"https:\/\/www.electronicabega.com\/energia-solar\/","name":"Bega Solar - Energ\u00eda Solar - Autoconsumo las 24h","isPartOf":{"@id":"https:\/\/www.electronicabega.com\/energia-solar\/#website"},"datePublished":"2017-09-30T09:51:40+00:00","dateModified":"2023-04-04T11:18:55+00:00","description":"Energ\u00eda solar. El autoconsumo con energ\u00eda solar las 24h ya es posible. Imagina que tu hogar o negocio produce suficiente energ\u00eda y no tiene que preocuparse","breadcrumb":{"@id":"https:\/\/www.electronicabega.com\/energia-solar\/#breadcrumb"},"inLanguage":"es","potentialAction":[{"@type":"ReadAction","target":["https:\/\/www.electronicabega.com\/energia-solar\/"]}]},{"@type":"BreadcrumbList","@id":"https:\/\/www.electronicabega.com\/energia-solar\/#breadcrumb","itemListElement":[{"@type":"ListItem","position":1,"name":"Portada","item":"https:\/\/www.electronicabega.com\/energia-solar\/"},{"@type":"ListItem","position":2,"name":"Bega Solar"}]},{"@type":"WebSite","@id":"https:\/\/www.electronicabega.com\/energia-solar\/#website","url":"https:\/\/www.electronicabega.com\/energia-solar\/","name":"Bega Solar Energ\u00edas Renovables","description":"Bega Solar, especialistas en generaci\u00f3n de electricidad renovable","publisher":{"@id":"https:\/\/www.electronicabega.com\/energia-solar\/#organization"},"potentialAction":[{"@type":"SearchAction","target":{"@type":"EntryPoint","urlTemplate":"https:\/\/www.electronicabega.com\/energia-solar\/?s={search_term_string}"},"query-input":"required name=search_term_string"}],"inLanguage":"es"},{"@type":"Organization","@id":"https:\/\/www.electronicabega.com\/energia-solar\/#organization","name":"Bega Solar Energ\u00edas Renovables","url":"https:\/\/www.electronicabega.com\/energia-solar\/","logo":{"@type":"ImageObject","inLanguage":"es","@id":"https:\/\/www.electronicabega.com\/energia-solar\/#\/schema\/logo\/image\/","url":"https:\/\/www.electronicabega.com\/energia-solar\/wp-content\/uploads\/2022\/12\/cropped-Logo-Begasolar.png","contentUrl":"https:\/\/www.electronicabega.com\/energia-solar\/wp-content\/uploads\/2022\/12\/cropped-Logo-Begasolar.png","width":448,"height":182,"caption":"Bega Solar Energ\u00edas Renovables"},"image":{"@id":"https:\/\/www.electronicabega.com\/energia-solar\/#\/schema\/logo\/image\/"}}]}},"_links":{"self":[{"href":"https:\/\/www.electronicabega.com\/energia-solar\/wp-json\/wp\/v2\/pages\/548","targetHints":{"allow":["GET"]}}],"collection":[{"href":"https:\/\/www.electronicabega.com\/energia-solar\/wp-json\/wp\/v2\/pages"}],"about":[{"href":"https:\/\/www.electronicabega.com\/energia-solar\/wp-json\/wp\/v2\/types\/page"}],"author":[{"embeddable":true,"href":"https:\/\/www.electronicabega.com\/energia-solar\/wp-json\/wp\/v2\/users\/6"}],"replies":[{"embeddable":true,"href":"https:\/\/www.electronicabega.com\/energia-solar\/wp-json\/wp\/v2\/comments?post=548"}],"version-history":[{"count":175,"href":"https:\/\/www.electronicabega.com\/energia-solar\/wp-json\/wp\/v2\/pages\/548\/revisions"}],"predecessor-version":[{"id":1554,"href":"https:\/\/www.electronicabega.com\/energia-solar\/wp-json\/wp\/v2\/pages\/548\/revisions\/1554"}],"wp:attachment":[{"href":"https:\/\/www.electronicabega.com\/energia-solar\/wp-json\/wp\/v2\/media?parent=548"}],"curies":[{"name":"wp","href":"https:\/\/api.w.org\/{rel}","templated":true}]}}