{"id":584,"date":"2019-08-23T12:01:00","date_gmt":"2019-08-23T12:01:00","guid":{"rendered":"https:\/\/www.begasolar.com\/?page_id=584"},"modified":"2023-01-26T07:37:04","modified_gmt":"2023-01-26T07:37:04","slug":"politica-de-privacidad","status":"publish","type":"page","link":"https:\/\/www.electronicabega.com\/energia-solar\/politica-de-privacidad\/","title":{"rendered":"Pol\u00edtica de privacidad"},"content":{"rendered":"<section class=\"wpb-content-wrapper\"><p>[vc_row][vc_column][vc_empty_space][vc_column_text]La visita a esta p\u00e1gina web no supone que usted est\u00e9 obligado a facilitar ninguna informaci\u00f3n sobre s\u00ed mismo. En el caso de que nos proporcione alguna informaci\u00f3n de car\u00e1cter personal, los datos recogidos en este Sitio Web ser\u00e1n utilizados con la finalidad, en la forma y con las limitaciones y derechos que recoge la Ley Org\u00e1nica 15\/1999, de 13 de diciembre, de Protecci\u00f3n de Datos de Car\u00e1cter Personal.<\/p>\n<p>En cumplimiento de lo establecido en dicha norma, sus datos de car\u00e1cter personal recogidos a trav\u00e9s de esta p\u00e1gina web ser\u00e1n objeto de tratamiento automatizado o no en nuestros ficheros debidamente inscritos en el R.G.P.D. La finalidad de los ficheros es gestionar las peticiones formuladas y contestar las mismas as\u00ed como actividades propias de su objeto social, informaci\u00f3n, formaci\u00f3n y comercializaci\u00f3n de los servicios ofrecidos por Bega Solar S.L. (en adelante LA EMPRESA, ver el <a href=\"\/aviso-legal\/\">Aviso Legal<\/a>) as\u00ed como el env\u00edo de informaci\u00f3n por v\u00eda convencional o electr\u00f3nica que pueda considerar de su inter\u00e9s dentro de los servicios que preste LA EMPRESA pudiendo conservar sus datos una vez finalizada toda la relaci\u00f3n con el usuario para cumplir obligaciones legales.<\/p>\n<p>Usted garantiza que los Datos Personales proporcionados son ciertos y exactos y se compromete a notificar cualquier cambio o modificaci\u00f3n de los mismos.<\/p>\n<p>En el caso de que los datos facilitados por usted fueran utilizados con un fin distinto para el que fueron recogidos se requerir\u00e1 el consentimiento previo de los interesados.<\/p>\n<p>En LA EMPRESA hemos adoptado todas las medidas necesarias para garantizar la seguridad e integridad de sus datos, as\u00ed como para evitar su alteraci\u00f3n, perdida, tratamiento o acceso no autorizado.<\/p>\n<p>Los datos solicitados en nuestra p\u00e1gina web son obligatorios. La negativa a proporcionar los datos solicitados supondr\u00e1 la no prestaci\u00f3n o la imposibilidad de acceder al servicio para los que son solicitados.<\/p>\n<p>La recogida de datos y sus finalidades<br \/>\nLe aconsejamos que antes de utilizar nuestro servicio lea esta Pol\u00edtica de Privacidad y las Condiciones de Uso y Compra.<\/p>\n<p>El usuario por la presente garantiza que los datos personales proporcionados son veraces y exactos y se compromete a notificar cualquier cambio o modificaci\u00f3n de los mismos. En el caso de que nos aporte datos personales de terceros, usted se responsabiliza de haber informado y haber obtenido el consentimiento de estos para ser aportados con las finalidades indicadas en los apartados correspondientes. Cualquier p\u00e9rdida o da\u00f1o causado a la Plataforma de LA EMPRESA o al responsable de la Plataforma o a cualquier tercero mediante la comunicaci\u00f3n de informaci\u00f3n err\u00f3nea, inexacta o incompleta en los formularios de registro ser\u00e1 responsabilidad exclusiva del usuario.<\/p>\n<p>LA EMPRESA, como responsable, tratar\u00e1 sus Datos Personales con las siguientes finalidades:<\/p>\n<p>Gestionar su registro como usuario de la Plataforma: Los Datos Personales que nos aporte ser\u00e1n objeto de tratamiento para identificarle como usuario de la Plataforma y darle acceso a sus diferentes funcionalidades, productos y servicios que est\u00e1n a su disposici\u00f3n como usuario registrado.<br \/>\nProcesar el desarrollo y cumplimiento de sus pedidos en el contrato de compraventa realizado con nosotros.<br \/>\nPoder contactar con usted a trav\u00e9s de correo electr\u00f3nico, llamadas telef\u00f3nicas, env\u00edo de SMS u otros medios de comunicaci\u00f3n electr\u00f3nicos equivalentes, en relaci\u00f3n a actualizaciones o comunicaciones informativas relacionadas con las funcionalidades, productos o servicios contratados.<br \/>\nAtender las solicitudes o peticiones que realice a trav\u00e9s de los canales de Atenci\u00f3n al Cliente disponibles sobre nuestra p\u00e1gina.<br \/>\nSuscripci\u00f3n a nuestra Newsletter<br \/>\nLa inscripci\u00f3n a nuestro Newsletter proporciona informaci\u00f3n sobre nuestros productos y servicios a trav\u00e9s de diversos medios de comunicaci\u00f3n telem\u00e1tica como pueden ser correo electr\u00f3nico, SMS, llamadas de tel\u00e9fono u otro medio de comunicaci\u00f3n equivalente.<\/p>\n<p>La suscripci\u00f3n a la Newsletter de LA EMPRESA conllevar el uso de sus datos personales para poner a su disposici\u00f3n la finalidad de la misma. (Publicidad, informaci\u00f3n, ofertas, promociones, etc.,). Le informamos que los datos personales relativos a sus compras, gustos y preferencias pueden ser utilizados con fines de an\u00e1lisis, generaci\u00f3n de perfiles de uso, estudios de marketing, encuestas de calidad y mejora de la interacci\u00f3n con nuestros clientes.<\/p>\n<p>Derechos de Protecci\u00f3n de Datos<br \/>\nLA EMPRESA se compromete a respetar la confidencialidad de sus datos personales y a garantizarle el ejercicio de sus derechos. En todo momento usted podr\u00e1 tener acceso a sus datos y podr\u00e1 rectificar o cancelar los mismos.<\/p>\n<p>LA EMPRESA informa y garantiza expresamente a los usuarios que sus datos personales no ser\u00e1n cedidos en ning\u00fan caso a terceros y que, en el supuesto caso de que fuera a realizarse alg\u00fan tipo de cesi\u00f3n de datos personales, de forma previa se solicitar\u00eda el consentimiento expreso, informado e inequ\u00edvoco por parte de los titulares de los mismos. No obstante lo anterior, LA EMPRESA podr\u00e1 comunicar los datos personales de los usuarios a terceros con el fin de llevar a cabo entregas de mercanc\u00eda; procesar pagos con tarjeta de cr\u00e9dito\/d\u00e9bito; comprobar el estado crediticio y el cobro de deudas, y realizar controles antifraude, as\u00ed como para cumplir todos los compromisos asumidos con sus clientes.<\/p>\n<p>Mayor\u00eda de edad<br \/>\nLA EMPRESA se preocupa de la privacidad y protecci\u00f3n de menores en internet. Nuestra web est\u00e1 pensada para ser utilizada por el p\u00fablico en general y no para su utilizaci\u00f3n de menores de edad.[\/vc_column_text][\/vc_column][\/vc_row]<\/p>\n<\/section>","protected":false},"excerpt":{"rendered":"<p>[vc_row][vc_column][vc_empty_space][vc_column_text]La visita a esta p\u00e1gina web no supone que usted est\u00e9 obligado a facilitar ninguna informaci\u00f3n sobre s\u00ed mismo. En el caso de que nos proporcione alguna informaci\u00f3n de car\u00e1cter personal, los datos recogidos en este Sitio Web ser\u00e1n utilizados con la finalidad, en la forma y con las limitaciones y derechos que recoge la [&hellip;]<\/p>\n","protected":false},"author":6,"featured_media":0,"parent":0,"menu_order":0,"comment_status":"closed","ping_status":"closed","template":"","meta":{"footnotes":""},"class_list":["post-584","page","type-page","status-publish","hentry"],"yoast_head":"<!-- This site is optimized with the Yoast SEO plugin v20.8 - https:\/\/yoast.com\/wordpress\/plugins\/seo\/ -->\n<title>Pol\u00edtica de privacidad - Bega Solar Energ\u00edas Renovables<\/title>\n<meta name=\"description\" content=\"Pol\u00edtica de privacidad - Bega Solar Energ\u00edas Renovables\" \/>\n<meta name=\"robots\" content=\"noindex, follow\" \/>\n<meta property=\"og:locale\" content=\"es_ES\" \/>\n<meta property=\"og:type\" content=\"article\" \/>\n<meta property=\"og:title\" content=\"Pol\u00edtica de privacidad - Bega Solar Energ\u00edas Renovables\" \/>\n<meta property=\"og:description\" content=\"Pol\u00edtica de privacidad - Bega Solar Energ\u00edas Renovables\" \/>\n<meta property=\"og:url\" content=\"https:\/\/www.electronicabega.com\/energia-solar\/politica-de-privacidad\/\" \/>\n<meta property=\"og:site_name\" content=\"Bega Solar Energ\u00edas Renovables\" \/>\n<meta property=\"article:modified_time\" content=\"2023-01-26T07:37:04+00:00\" \/>\n<meta name=\"twitter:card\" content=\"summary_large_image\" \/>\n<meta name=\"twitter:label1\" content=\"Tiempo de lectura\" \/>\n\t<meta name=\"twitter:data1\" content=\"4 minutos\" \/>\n<script type=\"application\/ld+json\" class=\"yoast-schema-graph\">{\"@context\":\"https:\/\/schema.org\",\"@graph\":[{\"@type\":\"WebPage\",\"@id\":\"https:\/\/www.electronicabega.com\/energia-solar\/politica-de-privacidad\/\",\"url\":\"https:\/\/www.electronicabega.com\/energia-solar\/politica-de-privacidad\/\",\"name\":\"Pol\u00edtica de privacidad - Bega Solar Energ\u00edas Renovables\",\"isPartOf\":{\"@id\":\"https:\/\/www.electronicabega.com\/energia-solar\/#website\"},\"datePublished\":\"2019-08-23T12:01:00+00:00\",\"dateModified\":\"2023-01-26T07:37:04+00:00\",\"description\":\"Pol\u00edtica de privacidad - Bega Solar Energ\u00edas Renovables\",\"breadcrumb\":{\"@id\":\"https:\/\/www.electronicabega.com\/energia-solar\/politica-de-privacidad\/#breadcrumb\"},\"inLanguage\":\"es\",\"potentialAction\":[{\"@type\":\"ReadAction\",\"target\":[\"https:\/\/www.electronicabega.com\/energia-solar\/politica-de-privacidad\/\"]}]},{\"@type\":\"BreadcrumbList\",\"@id\":\"https:\/\/www.electronicabega.com\/energia-solar\/politica-de-privacidad\/#breadcrumb\",\"itemListElement\":[{\"@type\":\"ListItem\",\"position\":1,\"name\":\"Portada\",\"item\":\"https:\/\/www.electronicabega.com\/energia-solar\/\"},{\"@type\":\"ListItem\",\"position\":2,\"name\":\"Pol\u00edtica de privacidad\"}]},{\"@type\":\"WebSite\",\"@id\":\"https:\/\/www.electronicabega.com\/energia-solar\/#website\",\"url\":\"https:\/\/www.electronicabega.com\/energia-solar\/\",\"name\":\"Bega Solar Energ\u00edas Renovables\",\"description\":\"Bega Solar, especialistas en generaci\u00f3n de electricidad renovable\",\"publisher\":{\"@id\":\"https:\/\/www.electronicabega.com\/energia-solar\/#organization\"},\"potentialAction\":[{\"@type\":\"SearchAction\",\"target\":{\"@type\":\"EntryPoint\",\"urlTemplate\":\"https:\/\/www.electronicabega.com\/energia-solar\/?s={search_term_string}\"},\"query-input\":\"required name=search_term_string\"}],\"inLanguage\":\"es\"},{\"@type\":\"Organization\",\"@id\":\"https:\/\/www.electronicabega.com\/energia-solar\/#organization\",\"name\":\"Bega Solar Energ\u00edas Renovables\",\"url\":\"https:\/\/www.electronicabega.com\/energia-solar\/\",\"logo\":{\"@type\":\"ImageObject\",\"inLanguage\":\"es\",\"@id\":\"https:\/\/www.electronicabega.com\/energia-solar\/#\/schema\/logo\/image\/\",\"url\":\"https:\/\/www.electronicabega.com\/energia-solar\/wp-content\/uploads\/2022\/12\/cropped-Logo-Begasolar.png\",\"contentUrl\":\"https:\/\/www.electronicabega.com\/energia-solar\/wp-content\/uploads\/2022\/12\/cropped-Logo-Begasolar.png\",\"width\":448,\"height\":182,\"caption\":\"Bega Solar Energ\u00edas Renovables\"},\"image\":{\"@id\":\"https:\/\/www.electronicabega.com\/energia-solar\/#\/schema\/logo\/image\/\"}}]}<\/script>\n<!-- \/ Yoast SEO plugin. -->","yoast_head_json":{"title":"Pol\u00edtica de privacidad - Bega Solar Energ\u00edas Renovables","description":"Pol\u00edtica de privacidad - Bega Solar Energ\u00edas Renovables","robots":{"index":"noindex","follow":"follow"},"og_locale":"es_ES","og_type":"article","og_title":"Pol\u00edtica de privacidad - Bega Solar Energ\u00edas Renovables","og_description":"Pol\u00edtica de privacidad - Bega Solar Energ\u00edas Renovables","og_url":"https:\/\/www.electronicabega.com\/energia-solar\/politica-de-privacidad\/","og_site_name":"Bega Solar Energ\u00edas Renovables","article_modified_time":"2023-01-26T07:37:04+00:00","twitter_card":"summary_large_image","twitter_misc":{"Tiempo de lectura":"4 minutos"},"schema":{"@context":"https:\/\/schema.org","@graph":[{"@type":"WebPage","@id":"https:\/\/www.electronicabega.com\/energia-solar\/politica-de-privacidad\/","url":"https:\/\/www.electronicabega.com\/energia-solar\/politica-de-privacidad\/","name":"Pol\u00edtica de privacidad - Bega Solar Energ\u00edas Renovables","isPartOf":{"@id":"https:\/\/www.electronicabega.com\/energia-solar\/#website"},"datePublished":"2019-08-23T12:01:00+00:00","dateModified":"2023-01-26T07:37:04+00:00","description":"Pol\u00edtica de privacidad - Bega Solar Energ\u00edas Renovables","breadcrumb":{"@id":"https:\/\/www.electronicabega.com\/energia-solar\/politica-de-privacidad\/#breadcrumb"},"inLanguage":"es","potentialAction":[{"@type":"ReadAction","target":["https:\/\/www.electronicabega.com\/energia-solar\/politica-de-privacidad\/"]}]},{"@type":"BreadcrumbList","@id":"https:\/\/www.electronicabega.com\/energia-solar\/politica-de-privacidad\/#breadcrumb","itemListElement":[{"@type":"ListItem","position":1,"name":"Portada","item":"https:\/\/www.electronicabega.com\/energia-solar\/"},{"@type":"ListItem","position":2,"name":"Pol\u00edtica de privacidad"}]},{"@type":"WebSite","@id":"https:\/\/www.electronicabega.com\/energia-solar\/#website","url":"https:\/\/www.electronicabega.com\/energia-solar\/","name":"Bega Solar Energ\u00edas Renovables","description":"Bega Solar, especialistas en generaci\u00f3n de electricidad renovable","publisher":{"@id":"https:\/\/www.electronicabega.com\/energia-solar\/#organization"},"potentialAction":[{"@type":"SearchAction","target":{"@type":"EntryPoint","urlTemplate":"https:\/\/www.electronicabega.com\/energia-solar\/?s={search_term_string}"},"query-input":"required name=search_term_string"}],"inLanguage":"es"},{"@type":"Organization","@id":"https:\/\/www.electronicabega.com\/energia-solar\/#organization","name":"Bega Solar Energ\u00edas Renovables","url":"https:\/\/www.electronicabega.com\/energia-solar\/","logo":{"@type":"ImageObject","inLanguage":"es","@id":"https:\/\/www.electronicabega.com\/energia-solar\/#\/schema\/logo\/image\/","url":"https:\/\/www.electronicabega.com\/energia-solar\/wp-content\/uploads\/2022\/12\/cropped-Logo-Begasolar.png","contentUrl":"https:\/\/www.electronicabega.com\/energia-solar\/wp-content\/uploads\/2022\/12\/cropped-Logo-Begasolar.png","width":448,"height":182,"caption":"Bega Solar Energ\u00edas Renovables"},"image":{"@id":"https:\/\/www.electronicabega.com\/energia-solar\/#\/schema\/logo\/image\/"}}]}},"_links":{"self":[{"href":"https:\/\/www.electronicabega.com\/energia-solar\/wp-json\/wp\/v2\/pages\/584","targetHints":{"allow":["GET"]}}],"collection":[{"href":"https:\/\/www.electronicabega.com\/energia-solar\/wp-json\/wp\/v2\/pages"}],"about":[{"href":"https:\/\/www.electronicabega.com\/energia-solar\/wp-json\/wp\/v2\/types\/page"}],"author":[{"embeddable":true,"href":"https:\/\/www.electronicabega.com\/energia-solar\/wp-json\/wp\/v2\/users\/6"}],"replies":[{"embeddable":true,"href":"https:\/\/www.electronicabega.com\/energia-solar\/wp-json\/wp\/v2\/comments?post=584"}],"version-history":[{"count":5,"href":"https:\/\/www.electronicabega.com\/energia-solar\/wp-json\/wp\/v2\/pages\/584\/revisions"}],"predecessor-version":[{"id":1441,"href":"https:\/\/www.electronicabega.com\/energia-solar\/wp-json\/wp\/v2\/pages\/584\/revisions\/1441"}],"wp:attachment":[{"href":"https:\/\/www.electronicabega.com\/energia-solar\/wp-json\/wp\/v2\/media?parent=584"}],"curies":[{"name":"wp","href":"https:\/\/api.w.org\/{rel}","templated":true}]}}